{"id":1193,"date":"2023-05-07T15:48:57","date_gmt":"2023-05-07T15:48:57","guid":{"rendered":"http:\/\/sanginesmarbella.com.s111-117.furanet.com\/?page_id=1193"},"modified":"2023-09-11T16:41:55","modified_gmt":"2023-09-11T16:41:55","slug":"chocolate-with-churros-marbella","status":"publish","type":"page","link":"https:\/\/www.sanginesmarbella.com\/en\/chocolate-with-churros-marbella\/","title":{"rendered":"Churros"},"content":{"rendered":"<div data-elementor-type=\"wp-page\" data-elementor-id=\"1193\" class=\"elementor elementor-1193\" data-elementor-post-type=\"page\">\n\t\t\t\t\t\t<section class=\"elementor-section elementor-top-section elementor-element elementor-element-73b88e96 elementor-section-height-min-height elementor-section-boxed elementor-section-height-default elementor-section-items-middle\" data-id=\"73b88e96\" data-element_type=\"section\" data-e-type=\"section\" data-settings=\"{&quot;background_background&quot;:&quot;classic&quot;}\">\n\t\t\t\t\t\t\t<div class=\"elementor-background-overlay\"><\/div>\n\t\t\t\t\t\t\t<div class=\"elementor-container elementor-column-gap-no\">\n\t\t\t\t\t<div class=\"elementor-column elementor-col-100 elementor-top-column elementor-element elementor-element-7c45a231\" data-id=\"7c45a231\" data-element_type=\"column\" data-e-type=\"column\">\n\t\t\t<div class=\"elementor-widget-wrap elementor-element-populated\">\n\t\t\t\t\t\t<div class=\"elementor-element elementor-element-5b5e5c09 elementor-widget elementor-widget-heading\" data-id=\"5b5e5c09\" data-element_type=\"widget\" data-e-type=\"widget\" data-widget_type=\"heading.default\">\n\t\t\t\t<div class=\"elementor-widget-container\">\n\t\t\t\t\t<h1 class=\"elementor-heading-title elementor-size-default\">Churros con Chocolate en Marbella: Una Delicia Irresistible<\/h1>\t\t\t\t<\/div>\n\t\t\t\t<\/div>\n\t\t\t\t<div class=\"elementor-element elementor-element-67639c59 elementor-widget-divider--view-line elementor-widget elementor-widget-divider\" data-id=\"67639c59\" data-element_type=\"widget\" data-e-type=\"widget\" data-widget_type=\"divider.default\">\n\t\t\t\t<div class=\"elementor-widget-container\">\n\t\t\t\t\t\t\t<div class=\"elementor-divider\">\n\t\t\t<span class=\"elementor-divider-separator\">\n\t\t\t\t\t\t<\/span>\n\t\t<\/div>\n\t\t\t\t\t\t<\/div>\n\t\t\t\t<\/div>\n\t\t\t\t\t<\/div>\n\t\t<\/div>\n\t\t\t\t\t<\/div>\n\t\t<\/section>\n\t\t\t\t<section class=\"elementor-section elementor-top-section elementor-element elementor-element-a36d3be elementor-section-boxed elementor-section-height-default elementor-section-height-default\" data-id=\"a36d3be\" data-element_type=\"section\" data-e-type=\"section\">\n\t\t\t\t\t\t<div class=\"elementor-container elementor-column-gap-no\">\n\t\t\t\t\t<div class=\"elementor-column elementor-col-100 elementor-top-column elementor-element elementor-element-914df33\" data-id=\"914df33\" data-element_type=\"column\" data-e-type=\"column\">\n\t\t\t<div class=\"elementor-widget-wrap elementor-element-populated\">\n\t\t\t\t\t\t<section class=\"elementor-section elementor-inner-section elementor-element elementor-element-a180892 elementor-section-boxed elementor-section-height-default elementor-section-height-default\" data-id=\"a180892\" data-element_type=\"section\" data-e-type=\"section\">\n\t\t\t\t\t\t<div class=\"elementor-container elementor-column-gap-no\">\n\t\t\t\t\t<div class=\"elementor-column elementor-col-100 elementor-inner-column elementor-element elementor-element-a2e0c32\" data-id=\"a2e0c32\" data-element_type=\"column\" data-e-type=\"column\">\n\t\t\t<div class=\"elementor-widget-wrap elementor-element-populated\">\n\t\t\t\t\t\t<div class=\"elementor-element elementor-element-f52e3e0 elementor-widget elementor-widget-heading\" data-id=\"f52e3e0\" data-element_type=\"widget\" data-e-type=\"widget\" data-widget_type=\"heading.default\">\n\t\t\t\t<div class=\"elementor-widget-container\">\n\t\t\t\t\t<h2 class=\"elementor-heading-title elementor-size-default\">Churros Tejeringos: Tradici\u00f3n y Sabor en cada Bocado<\/h2>\t\t\t\t<\/div>\n\t\t\t\t<\/div>\n\t\t\t\t<div class=\"elementor-element elementor-element-54b60ca elementor-widget-divider--view-line elementor-widget elementor-widget-divider\" data-id=\"54b60ca\" data-element_type=\"widget\" data-e-type=\"widget\" data-widget_type=\"divider.default\">\n\t\t\t\t<div class=\"elementor-widget-container\">\n\t\t\t\t\t\t\t<div class=\"elementor-divider\">\n\t\t\t<span class=\"elementor-divider-separator\">\n\t\t\t\t\t\t<\/span>\n\t\t<\/div>\n\t\t\t\t\t\t<\/div>\n\t\t\t\t<\/div>\n\t\t\t\t\t<\/div>\n\t\t<\/div>\n\t\t\t\t\t<\/div>\n\t\t<\/section>\n\t\t\t\t\t<\/div>\n\t\t<\/div>\n\t\t\t\t\t<\/div>\n\t\t<\/section>\n\t\t\t\t<section class=\"elementor-section elementor-top-section elementor-element elementor-element-aa06c71 elementor-section-boxed elementor-section-height-default elementor-section-height-default\" data-id=\"aa06c71\" data-element_type=\"section\" data-e-type=\"section\">\n\t\t\t\t\t\t<div class=\"elementor-container elementor-column-gap-default\">\n\t\t\t\t\t<div class=\"elementor-column elementor-col-50 elementor-top-column elementor-element elementor-element-480d6da\" data-id=\"480d6da\" data-element_type=\"column\" data-e-type=\"column\">\n\t\t\t<div class=\"elementor-widget-wrap elementor-element-populated\">\n\t\t\t\t\t\t<div class=\"elementor-element elementor-element-ba578b6 elementor-widget elementor-widget-text-editor\" data-id=\"ba578b6\" data-element_type=\"widget\" data-e-type=\"widget\" data-widget_type=\"text-editor.default\">\n\t\t\t\t<div class=\"elementor-widget-container\">\n\t\t\t\t\t\t\t\t\t<p style=\"text-align: left;\">En <strong>San Gin\u00e9s Marbella<\/strong>, cada rueda de churros se convierte en peque\u00f1os tesoros de recuerdos compartidos. Descubre el aut\u00e9ntico sabor de los churros de San Gin\u00e9s en Marbella donde cada bocado se convierte en una experiencia inolvidable.<\/p><p style=\"text-align: left;\">Sum\u00e9rgete en una experiencia \u00fanica donde la tradici\u00f3n y el placer se fusionan en cada crujiente bocado. Nuestros churros, elaborados con la receta original y los mejores ingredientes, te transportar\u00e1n a la esencia de la chocolater\u00eda m\u00e1s emblem\u00e1tica, SOMOS SAN GIN\u00c9S<\/p><p style=\"text-align: left;\">Una deliciosa combinaci\u00f3n de texturas y sabores, disfrutando de churros reci\u00e9n hechos, dorados y crujientes.\u00a0 Acomp\u00e1\u00f1alos con nuestra famosa taza de chocolate caliente, llena de sabor. En San Gin\u00e9s Marbella, cada rueda de churros se convierte en peque\u00f1os tesoros de recuerdos<\/p>\t\t\t\t\t\t\t\t<\/div>\n\t\t\t\t<\/div>\n\t\t\t\t\t<\/div>\n\t\t<\/div>\n\t\t\t\t<div class=\"elementor-column elementor-col-50 elementor-top-column elementor-element elementor-element-5d1a3f5\" data-id=\"5d1a3f5\" data-element_type=\"column\" data-e-type=\"column\">\n\t\t\t<div class=\"elementor-widget-wrap elementor-element-populated\">\n\t\t\t\t\t\t<div class=\"elementor-element elementor-element-9149434 elementor-widget elementor-widget-text-editor\" data-id=\"9149434\" data-element_type=\"widget\" data-e-type=\"widget\" data-widget_type=\"text-editor.default\">\n\t\t\t\t<div class=\"elementor-widget-container\">\n\t\t\t\t\t\t\t\t\t<p style=\"text-align: left;\"><strong>Los churros de San Gin\u00e9s<\/strong> son m\u00e1s que un simple manjar, son la excusa perfecta para crear recuerdos imborrables y compartir risas, conversaciones y momentos especiales, en compa\u00f1\u00eda de tus seres queridos. Ven a vivir la magia de nuestros churros y deja que cada mordisco te transporte a un mundo de sabores y emociones. En San Gin\u00e9s Marbella, los tesoros se encuentran en cada rueda de churros que compartes con tu grupo de amigos o familia.<\/p><p style=\"text-align: left;\"><strong>Emb\u00e1rcate en la aut\u00e9ntica esencia malague\u00f1a con nuestros churros tejeringos<\/strong>. En San Gin\u00e9s Marbella, hemos adaptado nuestros productos a nivel local, manteniendo nuestros secretos culinarios y la inigualable calidad que nos caracteriza. Los churros tejeringos son una joya gastron\u00f3mica t\u00edpica de M\u00e1laga, con una textura m\u00e1s ligera y esponjosa que la porra tradicional. Cada bocado es un encuentro con la tradici\u00f3n y el sabor local, donde nuestros churros tejeringos te transportar\u00e1n a los rincones m\u00e1s aut\u00e9nticos de la Costa del Sol. En San Gin\u00e9s Marbella, nos enorgullece ofrecerte este delicioso tesoro culinario, cuidadosamente elaborado para brindarte una experiencia \u00fanica.<\/p>\t\t\t\t\t\t\t\t<\/div>\n\t\t\t\t<\/div>\n\t\t\t\t\t<\/div>\n\t\t<\/div>\n\t\t\t\t\t<\/div>\n\t\t<\/section>\n\t\t\t\t<section class=\"elementor-section elementor-top-section elementor-element elementor-element-5c39dcc elementor-section-boxed elementor-section-height-default elementor-section-height-default\" data-id=\"5c39dcc\" data-element_type=\"section\" data-e-type=\"section\">\n\t\t\t\t\t\t<div class=\"elementor-container elementor-column-gap-no\">\n\t\t\t\t\t<div class=\"elementor-column elementor-col-100 elementor-top-column elementor-element elementor-element-52302be\" data-id=\"52302be\" data-element_type=\"column\" data-e-type=\"column\">\n\t\t\t<div class=\"elementor-widget-wrap elementor-element-populated\">\n\t\t\t\t\t\t<section class=\"elementor-section elementor-inner-section elementor-element elementor-element-7e1b84e elementor-section-boxed elementor-section-height-default elementor-section-height-default\" data-id=\"7e1b84e\" data-element_type=\"section\" data-e-type=\"section\">\n\t\t\t\t\t\t<div class=\"elementor-container elementor-column-gap-no\">\n\t\t\t\t\t<div class=\"elementor-column elementor-col-100 elementor-inner-column elementor-element elementor-element-aceeed0\" data-id=\"aceeed0\" data-element_type=\"column\" data-e-type=\"column\">\n\t\t\t<div class=\"elementor-widget-wrap elementor-element-populated\">\n\t\t\t\t\t\t<div class=\"elementor-element elementor-element-b8f46b5 elementor-skin-carousel elementor-arrows-yes elementor-pagination-type-bullets elementor-pagination-position-outside elementor-widget elementor-widget-media-carousel\" data-id=\"b8f46b5\" data-element_type=\"widget\" data-e-type=\"widget\" data-settings=\"{&quot;skin&quot;:&quot;carousel&quot;,&quot;effect&quot;:&quot;slide&quot;,&quot;show_arrows&quot;:&quot;yes&quot;,&quot;pagination&quot;:&quot;bullets&quot;,&quot;speed&quot;:500,&quot;autoplay&quot;:&quot;yes&quot;,&quot;autoplay_speed&quot;:5000,&quot;loop&quot;:&quot;yes&quot;,&quot;pause_on_hover&quot;:&quot;yes&quot;,&quot;pause_on_interaction&quot;:&quot;yes&quot;,&quot;space_between&quot;:{&quot;unit&quot;:&quot;px&quot;,&quot;size&quot;:10,&quot;sizes&quot;:[]},&quot;space_between_tablet&quot;:{&quot;unit&quot;:&quot;px&quot;,&quot;size&quot;:10,&quot;sizes&quot;:[]},&quot;space_between_mobile&quot;:{&quot;unit&quot;:&quot;px&quot;,&quot;size&quot;:10,&quot;sizes&quot;:[]}}\" data-widget_type=\"media-carousel.default\">\n\t\t\t\t<div class=\"elementor-widget-container\">\n\t\t\t\t\t\t\t\t\t<div class=\"elementor-swiper\">\n\t\t\t\t\t<div class=\"elementor-main-swiper swiper\" role=\"region\" aria-roledescription=\"carousel\" aria-label=\"Slides\">\n\t\t\t\t<div class=\"swiper-wrapper\">\n\t\t\t\t\t\t\t\t\t\t\t<div class=\"swiper-slide\" role=\"group\" aria-roledescription=\"slide\">\n\t\t\t\t\t\t\t\t\t<div class=\"elementor-carousel-image\" role=\"img\" aria-label=\"Sin t\u00edtulo-1\" style=\"background-image: url(&#039;https:\/\/www.sanginesmarbella.com\/wp-content\/uploads\/2023\/05\/Sin-titulo-1-1.jpg&#039;)\">\n\n\t\t\t\n\t\t\t\t\t<\/div>\n\t\t\t\t\t\t\t\t<\/div>\n\t\t\t\t\t\t\t\t\t\t\t<div class=\"swiper-slide\" role=\"group\" aria-roledescription=\"slide\">\n\t\t\t\t\t\t\t\t\t<div class=\"elementor-carousel-image\" role=\"img\" aria-label=\"13\" style=\"background-image: url(&#039;https:\/\/www.sanginesmarbella.com\/wp-content\/uploads\/2023\/05\/13.png&#039;)\">\n\n\t\t\t\n\t\t\t\t\t<\/div>\n\t\t\t\t\t\t\t\t<\/div>\n\t\t\t\t\t\t\t\t\t\t\t<div class=\"swiper-slide\" role=\"group\" aria-roledescription=\"slide\">\n\t\t\t\t\t\t\t\t\t<div class=\"elementor-carousel-image\" role=\"img\" aria-label=\"15\" style=\"background-image: url(&#039;https:\/\/www.sanginesmarbella.com\/wp-content\/uploads\/2023\/05\/15.png&#039;)\">\n\n\t\t\t\n\t\t\t\t\t<\/div>\n\t\t\t\t\t\t\t\t<\/div>\n\t\t\t\t\t\t\t\t\t\t\t<div class=\"swiper-slide\" role=\"group\" aria-roledescription=\"slide\">\n\t\t\t\t\t\t\t\t\t<div class=\"elementor-carousel-image\" role=\"img\" aria-label=\"churros-fritos-primer-plano-papel-regalo_23-2148379663\" style=\"background-image: url(&#039;https:\/\/www.sanginesmarbella.com\/wp-content\/uploads\/2023\/05\/churros-fritos-primer-plano-papel-regalo_23-2148379663.jpg&#039;)\">\n\n\t\t\t\n\t\t\t\t\t<\/div>\n\t\t\t\t\t\t\t\t<\/div>\n\t\t\t\t\t\t\t\t\t\t\t<div class=\"swiper-slide\" role=\"group\" aria-roledescription=\"slide\">\n\t\t\t\t\t\t\t\t\t<div class=\"elementor-carousel-image\" role=\"img\" aria-label=\"mano-sujetando-churros-encima-vaso-chocolate_23-2148379648\" style=\"background-image: url(&#039;https:\/\/www.sanginesmarbella.com\/wp-content\/uploads\/2023\/05\/mano-sujetando-churros-encima-vaso-chocolate_23-2148379648.jpg&#039;)\">\n\n\t\t\t\n\t\t\t\t\t<\/div>\n\t\t\t\t\t\t\t\t<\/div>\n\t\t\t\t\t\t\t\t\t<\/div>\n\t\t\t\t\t\t\t\t\t\t\t\t\t\t\t<div class=\"elementor-swiper-button elementor-swiper-button-prev\" role=\"button\" tabindex=\"0\" aria-label=\"Previous\">\n\t\t\t\t\t\t\t<i aria-hidden=\"true\" class=\"eicon-chevron-left\"><\/i>\t\t\t\t\t\t<\/div>\n\t\t\t\t\t\t<div class=\"elementor-swiper-button elementor-swiper-button-next\" role=\"button\" tabindex=\"0\" aria-label=\"Next\">\n\t\t\t\t\t\t\t<i aria-hidden=\"true\" class=\"eicon-chevron-right\"><\/i>\t\t\t\t\t\t<\/div>\n\t\t\t\t\t\t\t\t\t\t\t\t\t\t\t\t<div class=\"swiper-pagination\"><\/div>\n\t\t\t\t\t\t\t\t\t\t\t\t<\/div>\n\t\t\t\t<\/div>\n\t\t\t\t\t\t\t\t<\/div>\n\t\t\t\t<\/div>\n\t\t\t\t\t<\/div>\n\t\t<\/div>\n\t\t\t\t\t<\/div>\n\t\t<\/section>\n\t\t\t\t\t<\/div>\n\t\t<\/div>\n\t\t\t\t\t<\/div>\n\t\t<\/section>\n\t\t\t\t<section class=\"elementor-section elementor-top-section elementor-element elementor-element-cd86180 elementor-section-boxed elementor-section-height-default elementor-section-height-default\" data-id=\"cd86180\" data-element_type=\"section\" data-e-type=\"section\">\n\t\t\t\t\t\t<div class=\"elementor-container elementor-column-gap-default\">\n\t\t\t\t\t<div class=\"elementor-column elementor-col-50 elementor-top-column elementor-element elementor-element-99233c4\" data-id=\"99233c4\" data-element_type=\"column\" data-e-type=\"column\">\n\t\t\t<div class=\"elementor-widget-wrap elementor-element-populated\">\n\t\t\t\t\t\t<div class=\"elementor-element elementor-element-a4a2f46 elementor-widget elementor-widget-text-editor\" data-id=\"a4a2f46\" data-element_type=\"widget\" data-e-type=\"widget\" data-widget_type=\"text-editor.default\">\n\t\t\t\t<div class=\"elementor-widget-container\">\n\t\t\t\t\t\t\t\t\t<p style=\"text-align: left;\">Podr\u00edamos hablar de los muchos beneficios de disfrutar de un buen chocolate con churros, vamos a ello:<\/p><p style=\"text-align: left;\"><strong>Energ\u00eda y satisfacci\u00f3n:<\/strong> Los churros con chocolate son una delicia que aporta energ\u00eda y saciedad gracias a su contenido de carbohidratos y grasas saludables.<\/p><p style=\"text-align: left;\"><strong>Antioxidantes:<\/strong> El chocolate utilizado en la preparaci\u00f3n del chocolate caliente contiene antioxidantes, como los flavonoides, que ayudan a proteger las c\u00e9lulas del da\u00f1o oxidativo.<\/p><p style=\"text-align: left;\"><strong>Estimulaci\u00f3n del estado de \u00e1nimo:<\/strong> El consumo de chocolate estimula la liberaci\u00f3n de endorfinas, conocidas como las \u00abhormonas de la felicidad\u00bb, lo que puede mejorar el estado de \u00e1nimo y generar una sensaci\u00f3n de bienestar.<\/p><p style=\"text-align: left;\"><strong>Beneficios para el coraz\u00f3n:<\/strong> Algunos estudios sugieren que el chocolate puede ayudar a mejorar la salud cardiovascular al reducir la presi\u00f3n arterial y mejorar la funci\u00f3n de los vasos sangu\u00edneos.<\/p><p style=\"text-align: left;\"><strong>Fuente de minerales:<\/strong> Los churros, hechos de harina de trigo, pueden proporcionar minerales como hierro, magnesio y zinc, que son esenciales para el buen funcionamiento del organismo.<\/p>\t\t\t\t\t\t\t\t<\/div>\n\t\t\t\t<\/div>\n\t\t\t\t\t<\/div>\n\t\t<\/div>\n\t\t\t\t<div class=\"elementor-column elementor-col-50 elementor-top-column elementor-element elementor-element-6bf3b58\" data-id=\"6bf3b58\" data-element_type=\"column\" data-e-type=\"column\">\n\t\t\t<div class=\"elementor-widget-wrap elementor-element-populated\">\n\t\t\t\t\t\t<div class=\"elementor-element elementor-element-382c54c elementor-widget elementor-widget-text-editor\" data-id=\"382c54c\" data-element_type=\"widget\" data-e-type=\"widget\" data-widget_type=\"text-editor.default\">\n\t\t\t\t<div class=\"elementor-widget-container\">\n\t\t\t\t\t\t\t\t\t<p style=\"text-align: left;\"><strong>Beneficio espiritual:\u00a0<\/strong> el encanto de un ritual que va m\u00e1s all\u00e1 del simple acto de comer. En San Gin\u00e9s Marbella, cada rueda de churros con chocolate se convierte en una experiencia memorable. Cuando compartes este delicioso manjar con tus seres queridos, algo especial sucede. Se crean lazos m\u00e1s fuertes y se forjan recuerdos imborrables.<\/p><p style=\"text-align: left;\">El placer de desayunar o merendar churros con chocolate no solo se encuentra en su exquisito sabor y textura irresistibles, sino en el acto de compartirlo. Es en esos momentos compartidos alrededor de una mesa, rodeados de risas y conversaciones animadas, donde se crea un ambiente de calidez y felicidad.<\/p><p style=\"text-align: left;\">Este antiguo y arraigado ritual se convierte en un verdadero tesoro personal y espiritual. Te permite desconectar de las preocupaciones diarias y conectarte con tus seres queridos de una manera \u00fanica. Es un espacio sagrado donde el tiempo se detiene y se disfruta el presente en su m\u00e1ximo esplendor.<\/p><p style=\"text-align: left;\">Deja que el aroma tentador de nuestros churros y el suave abrazo del chocolate te envuelvan. Sum\u00e9rgete en la magia de este ritual y crea recuerdos que perdurar\u00e1n para siempre. Ven y disfruta de la experiencia \u00fanica de desayunar o merendar con churros con chocolate en San Gin\u00e9s Marbella, donde cada encuentro se convierte en un momento de deleite y conexi\u00f3n profunda.<\/p>\t\t\t\t\t\t\t\t<\/div>\n\t\t\t\t<\/div>\n\t\t\t\t\t<\/div>\n\t\t<\/div>\n\t\t\t\t\t<\/div>\n\t\t<\/section>\n\t\t\t\t<section class=\"elementor-section elementor-top-section elementor-element elementor-element-d9ab881 elementor-section-boxed elementor-section-height-default elementor-section-height-default\" data-id=\"d9ab881\" data-element_type=\"section\" data-e-type=\"section\" data-settings=\"{&quot;background_background&quot;:&quot;classic&quot;}\">\n\t\t\t\t\t\t\t<div class=\"elementor-background-overlay\"><\/div>\n\t\t\t\t\t\t\t<div class=\"elementor-container elementor-column-gap-no\">\n\t\t\t\t\t<div class=\"elementor-column elementor-col-100 elementor-top-column elementor-element elementor-element-027d4c4\" data-id=\"027d4c4\" data-element_type=\"column\" data-e-type=\"column\">\n\t\t\t<div class=\"elementor-widget-wrap elementor-element-populated\">\n\t\t\t\t\t\t<div class=\"elementor-element elementor-element-a26398f elementor-widget elementor-widget-heading\" data-id=\"a26398f\" data-element_type=\"widget\" data-e-type=\"widget\" data-widget_type=\"heading.default\">\n\t\t\t\t<div class=\"elementor-widget-container\">\n\t\t\t\t\t<h3 class=\"elementor-heading-title elementor-size-default\">Come check us out<\/h3>\t\t\t\t<\/div>\n\t\t\t\t<\/div>\n\t\t\t\t<div class=\"elementor-element elementor-element-8127b04 elementor-widget-divider--view-line elementor-widget elementor-widget-divider\" data-id=\"8127b04\" data-element_type=\"widget\" data-e-type=\"widget\" data-widget_type=\"divider.default\">\n\t\t\t\t<div class=\"elementor-widget-container\">\n\t\t\t\t\t\t\t<div class=\"elementor-divider\">\n\t\t\t<span class=\"elementor-divider-separator\">\n\t\t\t\t\t\t<\/span>\n\t\t<\/div>\n\t\t\t\t\t\t<\/div>\n\t\t\t\t<\/div>\n\t\t\t\t<div class=\"elementor-element elementor-element-1cbf067 elementor-widget elementor-widget-heading\" data-id=\"1cbf067\" data-element_type=\"widget\" data-e-type=\"widget\" data-widget_type=\"heading.default\">\n\t\t\t\t<div class=\"elementor-widget-container\">\n\t\t\t\t\t<h5 class=\"elementor-heading-title elementor-size-default\">With more than 120 years of tradition, we continue to develop the best churros crunchy and the chocolate creamier so you can enjoy an authentic breakfast or snack<\/h5>\t\t\t\t<\/div>\n\t\t\t\t<\/div>\n\t\t\t\t<div class=\"elementor-element elementor-element-90196e1 elementor-widget__width-auto elementor-align-left elementor-mobile-align-center elementor-widget elementor-widget-button\" data-id=\"90196e1\" data-element_type=\"widget\" data-e-type=\"widget\" data-widget_type=\"button.default\">\n\t\t\t\t<div class=\"elementor-widget-container\">\n\t\t\t\t\t\t\t\t\t<div class=\"elementor-button-wrapper\">\n\t\t\t\t\t<a class=\"elementor-button elementor-button-link elementor-size-sm\" href=\"https:\/\/www.google.com\/search?q=chocolateria+san+gines+marbella&#038;oq=chocolateria+san+gines+marbella&#038;aqs=chrome..69i57.3708j0j1&#038;sourceid=chrome&#038;ie=UTF-8#\">\n\t\t\t\t\t\t<span class=\"elementor-button-content-wrapper\">\n\t\t\t\t\t\t\t\t\t<span class=\"elementor-button-text\">OPEN IN GOOGLE MAPS<\/span>\n\t\t\t\t\t<\/span>\n\t\t\t\t\t<\/a>\n\t\t\t\t<\/div>\n\t\t\t\t\t\t\t\t<\/div>\n\t\t\t\t<\/div>\n\t\t\t\t\t<\/div>\n\t\t<\/div>\n\t\t\t\t\t<\/div>\n\t\t<\/section>\n\t\t\t\t<\/div>","protected":false},"excerpt":{"rendered":"<p>Churros con Chocolate en Marbella: Una Delicia Irresistible Churros Tejeringos: Tradici\u00f3n y Sabor en cada Bocado En San Gin\u00e9s Marbella, cada rueda de churros se convierte en peque\u00f1os tesoros de recuerdos compartidos. Descubre el aut\u00e9ntico sabor de los churros de San Gin\u00e9s en Marbella donde cada bocado se convierte en una experiencia inolvidable. Sum\u00e9rgete en [&hellip;]<\/p>\n","protected":false},"author":3,"featured_media":0,"parent":0,"menu_order":0,"comment_status":"closed","ping_status":"closed","template":"","meta":{"om_disable_all_campaigns":false,"_monsterinsights_skip_tracking":false,"_monsterinsights_sitenote_active":false,"_monsterinsights_sitenote_note":"","_monsterinsights_sitenote_category":0,"_uf_show_specific_survey":0,"_uf_disable_surveys":false,"site-sidebar-layout":"no-sidebar","site-content-layout":"page-builder","ast-site-content-layout":"default","site-content-style":"default","site-sidebar-style":"default","ast-global-header-display":"","ast-banner-title-visibility":"","ast-main-header-display":"","ast-hfb-above-header-display":"","ast-hfb-below-header-display":"","ast-hfb-mobile-header-display":"","site-post-title":"disabled","ast-breadcrumbs-content":"disabled","ast-featured-img":"disabled","footer-sml-layout":"","ast-disable-related-posts":"","theme-transparent-header-meta":"enabled","adv-header-id-meta":"","stick-header-meta":"","header-above-stick-meta":"","header-main-stick-meta":"","header-below-stick-meta":"","astra-migrate-meta-layouts":"default","ast-page-background-enabled":"default","ast-page-background-meta":{"desktop":{"background-color":"","background-image":"","background-repeat":"repeat","background-position":"center center","background-size":"auto","background-attachment":"scroll","background-type":"","background-media":"","overlay-type":"","overlay-color":"","overlay-opacity":"","overlay-gradient":""},"tablet":{"background-color":"","background-image":"","background-repeat":"repeat","background-position":"center center","background-size":"auto","background-attachment":"scroll","background-type":"","background-media":"","overlay-type":"","overlay-color":"","overlay-opacity":"","overlay-gradient":""},"mobile":{"background-color":"","background-image":"","background-repeat":"repeat","background-position":"center center","background-size":"auto","background-attachment":"scroll","background-type":"","background-media":"","overlay-type":"","overlay-color":"","overlay-opacity":"","overlay-gradient":""}},"ast-content-background-meta":{"desktop":{"background-color":"var(--ast-global-color-5)","background-image":"","background-repeat":"repeat","background-position":"center center","background-size":"auto","background-attachment":"scroll","background-type":"","background-media":"","overlay-type":"","overlay-color":"","overlay-opacity":"","overlay-gradient":""},"tablet":{"background-color":"var(--ast-global-color-5)","background-image":"","background-repeat":"repeat","background-position":"center center","background-size":"auto","background-attachment":"scroll","background-type":"","background-media":"","overlay-type":"","overlay-color":"","overlay-opacity":"","overlay-gradient":""},"mobile":{"background-color":"var(--ast-global-color-5)","background-image":"","background-repeat":"repeat","background-position":"center center","background-size":"auto","background-attachment":"scroll","background-type":"","background-media":"","overlay-type":"","overlay-color":"","overlay-opacity":"","overlay-gradient":""}},"footnotes":""},"class_list":["post-1193","page","type-page","status-publish","hentry"],"_links":{"self":[{"href":"https:\/\/www.sanginesmarbella.com\/en\/wp-json\/wp\/v2\/pages\/1193","targetHints":{"allow":["GET"]}}],"collection":[{"href":"https:\/\/www.sanginesmarbella.com\/en\/wp-json\/wp\/v2\/pages"}],"about":[{"href":"https:\/\/www.sanginesmarbella.com\/en\/wp-json\/wp\/v2\/types\/page"}],"author":[{"embeddable":true,"href":"https:\/\/www.sanginesmarbella.com\/en\/wp-json\/wp\/v2\/users\/3"}],"replies":[{"embeddable":true,"href":"https:\/\/www.sanginesmarbella.com\/en\/wp-json\/wp\/v2\/comments?post=1193"}],"version-history":[{"count":27,"href":"https:\/\/www.sanginesmarbella.com\/en\/wp-json\/wp\/v2\/pages\/1193\/revisions"}],"predecessor-version":[{"id":1973,"href":"https:\/\/www.sanginesmarbella.com\/en\/wp-json\/wp\/v2\/pages\/1193\/revisions\/1973"}],"wp:attachment":[{"href":"https:\/\/www.sanginesmarbella.com\/en\/wp-json\/wp\/v2\/media?parent=1193"}],"curies":[{"name":"wp","href":"https:\/\/api.w.org\/{rel}","templated":true}]}}