{"id":1623,"date":"2023-06-06T16:16:01","date_gmt":"2023-06-06T16:16:01","guid":{"rendered":"http:\/\/sanginesmarbella.com.s111-117.furanet.com\/?page_id=1623"},"modified":"2023-09-11T16:42:18","modified_gmt":"2023-09-11T16:42:18","slug":"juices-san-gines-marbella","status":"publish","type":"page","link":"https:\/\/www.sanginesmarbella.com\/en\/juices-san-gines-marbella\/","title":{"rendered":"Juices"},"content":{"rendered":"<div data-elementor-type=\"wp-page\" data-elementor-id=\"1623\" class=\"elementor elementor-1623\" data-elementor-post-type=\"page\">\n\t\t\t\t\t\t<section class=\"elementor-section elementor-top-section elementor-element elementor-element-73b88e96 elementor-section-height-min-height elementor-section-boxed elementor-section-height-default elementor-section-items-middle\" data-id=\"73b88e96\" data-element_type=\"section\" data-e-type=\"section\" data-settings=\"{&quot;background_background&quot;:&quot;classic&quot;}\">\n\t\t\t\t\t\t\t<div class=\"elementor-background-overlay\"><\/div>\n\t\t\t\t\t\t\t<div class=\"elementor-container elementor-column-gap-no\">\n\t\t\t\t\t<div class=\"elementor-column elementor-col-100 elementor-top-column elementor-element elementor-element-7c45a231\" data-id=\"7c45a231\" data-element_type=\"column\" data-e-type=\"column\">\n\t\t\t<div class=\"elementor-widget-wrap elementor-element-populated\">\n\t\t\t\t\t\t<div class=\"elementor-element elementor-element-5b5e5c09 elementor-widget elementor-widget-heading\" data-id=\"5b5e5c09\" data-element_type=\"widget\" data-e-type=\"widget\" data-widget_type=\"heading.default\">\n\t\t\t\t<div class=\"elementor-widget-container\">\n\t\t\t\t\t<h1 class=\"elementor-heading-title elementor-size-default\">Zumos San Gin\u00e9s Marbella: <\/br>Disfruta de la Frescura en cada Sorbo<\/h1>\t\t\t\t<\/div>\n\t\t\t\t<\/div>\n\t\t\t\t<div class=\"elementor-element elementor-element-67639c59 elementor-widget-divider--view-line elementor-widget elementor-widget-divider\" data-id=\"67639c59\" data-element_type=\"widget\" data-e-type=\"widget\" data-widget_type=\"divider.default\">\n\t\t\t\t<div class=\"elementor-widget-container\">\n\t\t\t\t\t\t\t<div class=\"elementor-divider\">\n\t\t\t<span class=\"elementor-divider-separator\">\n\t\t\t\t\t\t<\/span>\n\t\t<\/div>\n\t\t\t\t\t\t<\/div>\n\t\t\t\t<\/div>\n\t\t\t\t\t<\/div>\n\t\t<\/div>\n\t\t\t\t\t<\/div>\n\t\t<\/section>\n\t\t\t\t<section class=\"elementor-section elementor-top-section elementor-element elementor-element-a36d3be elementor-section-boxed elementor-section-height-default elementor-section-height-default\" data-id=\"a36d3be\" data-element_type=\"section\" data-e-type=\"section\">\n\t\t\t\t\t\t<div class=\"elementor-container elementor-column-gap-no\">\n\t\t\t\t\t<div class=\"elementor-column elementor-col-100 elementor-top-column elementor-element elementor-element-914df33\" data-id=\"914df33\" data-element_type=\"column\" data-e-type=\"column\">\n\t\t\t<div class=\"elementor-widget-wrap elementor-element-populated\">\n\t\t\t\t\t\t<section class=\"elementor-section elementor-inner-section elementor-element elementor-element-a180892 elementor-section-boxed elementor-section-height-default elementor-section-height-default\" data-id=\"a180892\" data-element_type=\"section\" data-e-type=\"section\">\n\t\t\t\t\t\t<div class=\"elementor-container elementor-column-gap-no\">\n\t\t\t\t\t<div class=\"elementor-column elementor-col-100 elementor-inner-column elementor-element elementor-element-a2e0c32\" data-id=\"a2e0c32\" data-element_type=\"column\" data-e-type=\"column\">\n\t\t\t<div class=\"elementor-widget-wrap elementor-element-populated\">\n\t\t\t\t\t\t<div class=\"elementor-element elementor-element-f52e3e0 elementor-widget elementor-widget-heading\" data-id=\"f52e3e0\" data-element_type=\"widget\" data-e-type=\"widget\" data-widget_type=\"heading.default\">\n\t\t\t\t<div class=\"elementor-widget-container\">\n\t\t\t\t\t<h2 class=\"elementor-heading-title elementor-size-default\">Zumos Naturales Reci\u00e9n Hechos<\/h2>\t\t\t\t<\/div>\n\t\t\t\t<\/div>\n\t\t\t\t<div class=\"elementor-element elementor-element-54b60ca elementor-widget-divider--view-line elementor-widget elementor-widget-divider\" data-id=\"54b60ca\" data-element_type=\"widget\" data-e-type=\"widget\" data-widget_type=\"divider.default\">\n\t\t\t\t<div class=\"elementor-widget-container\">\n\t\t\t\t\t\t\t<div class=\"elementor-divider\">\n\t\t\t<span class=\"elementor-divider-separator\">\n\t\t\t\t\t\t<\/span>\n\t\t<\/div>\n\t\t\t\t\t\t<\/div>\n\t\t\t\t<\/div>\n\t\t\t\t\t<\/div>\n\t\t<\/div>\n\t\t\t\t\t<\/div>\n\t\t<\/section>\n\t\t\t\t\t<\/div>\n\t\t<\/div>\n\t\t\t\t\t<\/div>\n\t\t<\/section>\n\t\t\t\t<section class=\"elementor-section elementor-top-section elementor-element elementor-element-aa06c71 elementor-section-boxed elementor-section-height-default elementor-section-height-default\" data-id=\"aa06c71\" data-element_type=\"section\" data-e-type=\"section\">\n\t\t\t\t\t\t<div class=\"elementor-container elementor-column-gap-default\">\n\t\t\t\t\t<div class=\"elementor-column elementor-col-50 elementor-top-column elementor-element elementor-element-480d6da\" data-id=\"480d6da\" data-element_type=\"column\" data-e-type=\"column\">\n\t\t\t<div class=\"elementor-widget-wrap elementor-element-populated\">\n\t\t\t\t\t\t<div class=\"elementor-element elementor-element-ba578b6 elementor-widget elementor-widget-text-editor\" data-id=\"ba578b6\" data-element_type=\"widget\" data-e-type=\"widget\" data-widget_type=\"text-editor.default\">\n\t\t\t\t<div class=\"elementor-widget-container\">\n\t\t\t\t\t\t\t\t\t<p>En San Gin\u00e9s, nos enorgullece presentarte nuestra exquisita selecci\u00f3n de <strong>zumos naturales reci\u00e9n hechos<\/strong>, elaborados con <strong>ingredientes frescos y de la m\u00e1s alta calidad<\/strong>. Cada sorbo es una explosi\u00f3n de sabor y vitalidad, que te brinda un impulso energ\u00e9tico y una sensaci\u00f3n de frescura inigualable.<\/p><p><strong>Nuestros zumos en San Gin\u00e9s Marbella se preparan diariamente<\/strong>, utilizando una cuidadosa selecci\u00f3n de frutas y verduras de temporada. Nos preocupamos por ofrecerte una experiencia de alta calidad, por lo que nuestros zumos son elaborados en el momento, preservando todos los nutrientes y beneficios de los ingredientes frescos.<\/p>\t\t\t\t\t\t\t\t<\/div>\n\t\t\t\t<\/div>\n\t\t\t\t\t<\/div>\n\t\t<\/div>\n\t\t\t\t<div class=\"elementor-column elementor-col-50 elementor-top-column elementor-element elementor-element-5d1a3f5\" data-id=\"5d1a3f5\" data-element_type=\"column\" data-e-type=\"column\">\n\t\t\t<div class=\"elementor-widget-wrap elementor-element-populated\">\n\t\t\t\t\t\t<div class=\"elementor-element elementor-element-9149434 elementor-widget elementor-widget-text-editor\" data-id=\"9149434\" data-element_type=\"widget\" data-e-type=\"widget\" data-widget_type=\"text-editor.default\">\n\t\t\t\t<div class=\"elementor-widget-container\">\n\t\t\t\t\t\t\t\t\t<p>Encontrar\u00e1s una <strong>amplia variedad de sabores<\/strong>, desde el cl\u00e1sico zumo de naranja, hasta combinaciones m\u00e1s atrevidas y refrescantes como el c\u00f3ctel San Gin\u00e9s (manzana, pi\u00f1a y naranja) o el mixto de tres frutas (naranja, manzana y mel\u00f3n). Tambi\u00e9n ofrecemos zumos de zanahoria, manzana, pi\u00f1a, melocot\u00f3n, mel\u00f3n, sand\u00eda, pomelo, as\u00ed como opciones mixtas con dos o tres frutas. Y si buscas algo m\u00e1s cremoso, no te pierdas nuestros batidos (smoothies) elaborados con leche, pl\u00e1tano, fresa y mango.<\/p><p>Cada uno de nuestros zumos est\u00e1 <strong>dise\u00f1ado para satisfacer tus gustos y necesidades,<\/strong> ofreci\u00e9ndote una explosi\u00f3n de sabores naturales y deliciosos. En \u00a0San Gin\u00e9s Marbella, creemos en la importancia de la variedad y la innovaci\u00f3n para brindarte una experiencia \u00fanica.<\/p>\t\t\t\t\t\t\t\t<\/div>\n\t\t\t\t<\/div>\n\t\t\t\t\t<\/div>\n\t\t<\/div>\n\t\t\t\t\t<\/div>\n\t\t<\/section>\n\t\t\t\t<section class=\"elementor-section elementor-top-section elementor-element elementor-element-5c39dcc elementor-section-boxed elementor-section-height-default elementor-section-height-default\" data-id=\"5c39dcc\" data-element_type=\"section\" data-e-type=\"section\">\n\t\t\t\t\t\t<div class=\"elementor-container elementor-column-gap-no\">\n\t\t\t\t\t<div class=\"elementor-column elementor-col-100 elementor-top-column elementor-element elementor-element-52302be\" data-id=\"52302be\" data-element_type=\"column\" data-e-type=\"column\">\n\t\t\t<div class=\"elementor-widget-wrap elementor-element-populated\">\n\t\t\t\t\t\t<section class=\"elementor-section elementor-inner-section elementor-element elementor-element-7e1b84e elementor-section-boxed elementor-section-height-default elementor-section-height-default\" data-id=\"7e1b84e\" data-element_type=\"section\" data-e-type=\"section\">\n\t\t\t\t\t\t<div class=\"elementor-container elementor-column-gap-no\">\n\t\t\t\t\t<div class=\"elementor-column elementor-col-100 elementor-inner-column elementor-element elementor-element-aceeed0\" data-id=\"aceeed0\" data-element_type=\"column\" data-e-type=\"column\">\n\t\t\t<div class=\"elementor-widget-wrap elementor-element-populated\">\n\t\t\t\t\t\t<div class=\"elementor-element elementor-element-b8f46b5 elementor-skin-carousel elementor-arrows-yes elementor-pagination-type-bullets elementor-pagination-position-outside elementor-widget elementor-widget-media-carousel\" data-id=\"b8f46b5\" data-element_type=\"widget\" data-e-type=\"widget\" data-settings=\"{&quot;skin&quot;:&quot;carousel&quot;,&quot;effect&quot;:&quot;slide&quot;,&quot;show_arrows&quot;:&quot;yes&quot;,&quot;pagination&quot;:&quot;bullets&quot;,&quot;speed&quot;:500,&quot;autoplay&quot;:&quot;yes&quot;,&quot;autoplay_speed&quot;:5000,&quot;loop&quot;:&quot;yes&quot;,&quot;pause_on_hover&quot;:&quot;yes&quot;,&quot;pause_on_interaction&quot;:&quot;yes&quot;,&quot;space_between&quot;:{&quot;unit&quot;:&quot;px&quot;,&quot;size&quot;:10,&quot;sizes&quot;:[]},&quot;space_between_tablet&quot;:{&quot;unit&quot;:&quot;px&quot;,&quot;size&quot;:10,&quot;sizes&quot;:[]},&quot;space_between_mobile&quot;:{&quot;unit&quot;:&quot;px&quot;,&quot;size&quot;:10,&quot;sizes&quot;:[]}}\" data-widget_type=\"media-carousel.default\">\n\t\t\t\t<div class=\"elementor-widget-container\">\n\t\t\t\t\t\t\t\t\t<div class=\"elementor-swiper\">\n\t\t\t\t\t<div class=\"elementor-main-swiper swiper\" role=\"region\" aria-roledescription=\"carousel\" aria-label=\"Slides\">\n\t\t\t\t<div class=\"swiper-wrapper\">\n\t\t\t\t\t\t\t\t\t\t\t<div class=\"swiper-slide\" role=\"group\" aria-roledescription=\"slide\">\n\t\t\t\t\t\t\t\t\t<div class=\"elementor-carousel-image\" role=\"img\" aria-label=\"coctel-hielo-kiwi-verde-rodajas-fruta_141793-284\" style=\"background-image: url(&#039;https:\/\/www.sanginesmarbella.com\/wp-content\/uploads\/2023\/05\/coctel-hielo-kiwi-verde-rodajas-fruta_141793-284.jpg&#039;)\">\n\n\t\t\t\n\t\t\t\t\t<\/div>\n\t\t\t\t\t\t\t\t<\/div>\n\t\t\t\t\t\t\t\t\t\t\t<div class=\"swiper-slide\" role=\"group\" aria-roledescription=\"slide\">\n\t\t\t\t\t\t\t\t\t<div class=\"elementor-carousel-image\" role=\"img\" aria-label=\"frutas-y-frutos-secos\" style=\"background-image: url(&#039;https:\/\/www.sanginesmarbella.com\/wp-content\/uploads\/2023\/06\/frutas-y-frutos-secos.jpg&#039;)\">\n\n\t\t\t\n\t\t\t\t\t<\/div>\n\t\t\t\t\t\t\t\t<\/div>\n\t\t\t\t\t\t\t\t\t\t\t<div class=\"swiper-slide\" role=\"group\" aria-roledescription=\"slide\">\n\t\t\t\t\t\t\t\t\t<div class=\"elementor-carousel-image\" role=\"img\" aria-label=\"Que-sabemos-sobre-la-cera-para-lustrar-frutas\" style=\"background-image: url(&#039;https:\/\/www.sanginesmarbella.com\/wp-content\/uploads\/2023\/06\/Que-sabemos-sobre-la-cera-para-lustrar-frutas.jpg&#039;)\">\n\n\t\t\t\n\t\t\t\t\t<\/div>\n\t\t\t\t\t\t\t\t<\/div>\n\t\t\t\t\t\t\t\t\t\t\t<div class=\"swiper-slide\" role=\"group\" aria-roledescription=\"slide\">\n\t\t\t\t\t\t\t\t\t<div class=\"elementor-carousel-image\" role=\"img\" aria-label=\"11_4c8750cd_0\" style=\"background-image: url(&#039;https:\/\/www.sanginesmarbella.com\/wp-content\/uploads\/2023\/06\/11_4c8750cd_0.jpg&#039;)\">\n\n\t\t\t\n\t\t\t\t\t<\/div>\n\t\t\t\t\t\t\t\t<\/div>\n\t\t\t\t\t\t\t\t\t\t\t<div class=\"swiper-slide\" role=\"group\" aria-roledescription=\"slide\">\n\t\t\t\t\t\t\t\t\t<div class=\"elementor-carousel-image\" role=\"img\" aria-label=\"otra\" style=\"background-image: url(&#039;https:\/\/www.sanginesmarbella.com\/wp-content\/uploads\/2023\/06\/otra.png&#039;)\">\n\n\t\t\t\n\t\t\t\t\t<\/div>\n\t\t\t\t\t\t\t\t<\/div>\n\t\t\t\t\t\t\t\t\t<\/div>\n\t\t\t\t\t\t\t\t\t\t\t\t\t\t\t<div class=\"elementor-swiper-button elementor-swiper-button-prev\" role=\"button\" tabindex=\"0\" aria-label=\"Previous\">\n\t\t\t\t\t\t\t<i aria-hidden=\"true\" class=\"eicon-chevron-left\"><\/i>\t\t\t\t\t\t<\/div>\n\t\t\t\t\t\t<div class=\"elementor-swiper-button elementor-swiper-button-next\" role=\"button\" tabindex=\"0\" aria-label=\"Next\">\n\t\t\t\t\t\t\t<i aria-hidden=\"true\" class=\"eicon-chevron-right\"><\/i>\t\t\t\t\t\t<\/div>\n\t\t\t\t\t\t\t\t\t\t\t\t\t\t\t\t<div class=\"swiper-pagination\"><\/div>\n\t\t\t\t\t\t\t\t\t\t\t\t<\/div>\n\t\t\t\t<\/div>\n\t\t\t\t\t\t\t\t<\/div>\n\t\t\t\t<\/div>\n\t\t\t\t\t<\/div>\n\t\t<\/div>\n\t\t\t\t\t<\/div>\n\t\t<\/section>\n\t\t\t\t\t<\/div>\n\t\t<\/div>\n\t\t\t\t\t<\/div>\n\t\t<\/section>\n\t\t\t\t<section class=\"elementor-section elementor-top-section elementor-element elementor-element-cd86180 elementor-section-boxed elementor-section-height-default elementor-section-height-default\" data-id=\"cd86180\" data-element_type=\"section\" data-e-type=\"section\">\n\t\t\t\t\t\t<div class=\"elementor-container elementor-column-gap-default\">\n\t\t\t\t\t<div class=\"elementor-column elementor-col-50 elementor-top-column elementor-element elementor-element-99233c4\" data-id=\"99233c4\" data-element_type=\"column\" data-e-type=\"column\">\n\t\t\t<div class=\"elementor-widget-wrap elementor-element-populated\">\n\t\t\t\t\t\t<div class=\"elementor-element elementor-element-a4a2f46 elementor-widget elementor-widget-text-editor\" data-id=\"a4a2f46\" data-element_type=\"widget\" data-e-type=\"widget\" data-widget_type=\"text-editor.default\">\n\t\t\t\t<div class=\"elementor-widget-container\">\n\t\t\t\t\t\t\t\t\t<p><strong>Adem\u00e1s de su sabor excepcional, los zumos San Gin\u00e9s Marbella tambi\u00e9n son una excelente fuente de vitaminas, minerales y antioxidantes esenciales para tu salud<\/strong>. Nuestros zumos naturales te brindan un impulso de energ\u00eda, fortalecen tu sistema inmunol\u00f3gico y te ayudan a mantener un estilo de vida saludable.<\/p><p>En nuestro establecimiento, entendemos la importancia de la frescura y la calidad en cada sorbo. Por eso, nos comprometemos a utilizar ingredientes frescos y a elaborar los zumos en el momento, para garantizar que disfrutes de la m\u00e1xima frescura y los beneficios nutricionales en cada vaso.<\/p>\t\t\t\t\t\t\t\t<\/div>\n\t\t\t\t<\/div>\n\t\t\t\t\t<\/div>\n\t\t<\/div>\n\t\t\t\t<div class=\"elementor-column elementor-col-50 elementor-top-column elementor-element elementor-element-6bf3b58\" data-id=\"6bf3b58\" data-element_type=\"column\" data-e-type=\"column\">\n\t\t\t<div class=\"elementor-widget-wrap elementor-element-populated\">\n\t\t\t\t\t\t<div class=\"elementor-element elementor-element-382c54c elementor-widget elementor-widget-text-editor\" data-id=\"382c54c\" data-element_type=\"widget\" data-e-type=\"widget\" data-widget_type=\"text-editor.default\">\n\t\t\t\t<div class=\"elementor-widget-container\">\n\t\t\t\t\t\t\t\t\t<p>Te invitamos a visitar nuestro establecimiento, donde encontrar\u00e1s un ambiente acogedor y amigable para disfrutar de nuestros deliciosos zumos naturales. Ya sea que prefieras tomarlos en nuestra terraza al aire libre, en el interior del local o llevarlos contigo, te aseguramos una experiencia refrescante y revitalizante.<\/p><p>As\u00ed que,<strong> \u00bfa qu\u00e9 esperas?<\/strong> Ven a visitarnos y d\u00e9jate sorprender por la frescura y el sabor incomparable de nuestros zumos reci\u00e9n hechos. Cada sorbo es una invitaci\u00f3n a cuidar de tu bienestar personal y a disfrutar de un momento de placer. <strong>\u00a1Te esperamos con los brazos abiertos en San Gin\u00e9s Marbella!<\/strong><\/p>\t\t\t\t\t\t\t\t<\/div>\n\t\t\t\t<\/div>\n\t\t\t\t\t<\/div>\n\t\t<\/div>\n\t\t\t\t\t<\/div>\n\t\t<\/section>\n\t\t\t\t<section class=\"elementor-section elementor-top-section elementor-element elementor-element-d9ab881 elementor-section-boxed elementor-section-height-default elementor-section-height-default\" data-id=\"d9ab881\" data-element_type=\"section\" data-e-type=\"section\" data-settings=\"{&quot;background_background&quot;:&quot;classic&quot;}\">\n\t\t\t\t\t\t\t<div class=\"elementor-background-overlay\"><\/div>\n\t\t\t\t\t\t\t<div class=\"elementor-container elementor-column-gap-no\">\n\t\t\t\t\t<div class=\"elementor-column elementor-col-100 elementor-top-column elementor-element elementor-element-027d4c4\" data-id=\"027d4c4\" data-element_type=\"column\" data-e-type=\"column\">\n\t\t\t<div class=\"elementor-widget-wrap elementor-element-populated\">\n\t\t\t\t\t\t<div class=\"elementor-element elementor-element-a26398f elementor-widget elementor-widget-heading\" data-id=\"a26398f\" data-element_type=\"widget\" data-e-type=\"widget\" data-widget_type=\"heading.default\">\n\t\t\t\t<div class=\"elementor-widget-container\">\n\t\t\t\t\t<h3 class=\"elementor-heading-title elementor-size-default\">Come check us out<\/h3>\t\t\t\t<\/div>\n\t\t\t\t<\/div>\n\t\t\t\t<div class=\"elementor-element elementor-element-8127b04 elementor-widget-divider--view-line elementor-widget elementor-widget-divider\" data-id=\"8127b04\" data-element_type=\"widget\" data-e-type=\"widget\" data-widget_type=\"divider.default\">\n\t\t\t\t<div class=\"elementor-widget-container\">\n\t\t\t\t\t\t\t<div class=\"elementor-divider\">\n\t\t\t<span class=\"elementor-divider-separator\">\n\t\t\t\t\t\t<\/span>\n\t\t<\/div>\n\t\t\t\t\t\t<\/div>\n\t\t\t\t<\/div>\n\t\t\t\t<div class=\"elementor-element elementor-element-1cbf067 elementor-widget elementor-widget-heading\" data-id=\"1cbf067\" data-element_type=\"widget\" data-e-type=\"widget\" data-widget_type=\"heading.default\">\n\t\t\t\t<div class=\"elementor-widget-container\">\n\t\t\t\t\t<h5 class=\"elementor-heading-title elementor-size-default\">With more than 120 years of tradition, we continue to develop the best churros crunchy and the chocolate creamier so you can enjoy an authentic breakfast or snack<\/h5>\t\t\t\t<\/div>\n\t\t\t\t<\/div>\n\t\t\t\t<div class=\"elementor-element elementor-element-90196e1 elementor-widget__width-auto elementor-align-left elementor-mobile-align-center elementor-widget elementor-widget-button\" data-id=\"90196e1\" data-element_type=\"widget\" data-e-type=\"widget\" data-widget_type=\"button.default\">\n\t\t\t\t<div class=\"elementor-widget-container\">\n\t\t\t\t\t\t\t\t\t<div class=\"elementor-button-wrapper\">\n\t\t\t\t\t<a class=\"elementor-button elementor-button-link elementor-size-sm\" href=\"https:\/\/www.google.com\/search?q=chocolateria+san+gines+marbella&#038;oq=chocolateria+san+gines+marbella&#038;aqs=chrome..69i57.3708j0j1&#038;sourceid=chrome&#038;ie=UTF-8#\">\n\t\t\t\t\t\t<span class=\"elementor-button-content-wrapper\">\n\t\t\t\t\t\t\t\t\t<span class=\"elementor-button-text\">OPEN IN GOOGLE MAPS<\/span>\n\t\t\t\t\t<\/span>\n\t\t\t\t\t<\/a>\n\t\t\t\t<\/div>\n\t\t\t\t\t\t\t\t<\/div>\n\t\t\t\t<\/div>\n\t\t\t\t\t<\/div>\n\t\t<\/div>\n\t\t\t\t\t<\/div>\n\t\t<\/section>\n\t\t\t\t<\/div>","protected":false},"excerpt":{"rendered":"<p>Zumos San Gin\u00e9s Marbella: Disfruta de la Frescura en cada Sorbo Zumos Naturales Reci\u00e9n Hechos En San Gin\u00e9s, nos enorgullece presentarte nuestra exquisita selecci\u00f3n de zumos naturales reci\u00e9n hechos, elaborados con ingredientes frescos y de la m\u00e1s alta calidad. Cada sorbo es una explosi\u00f3n de sabor y vitalidad, que te brinda un impulso energ\u00e9tico y [&hellip;]<\/p>\n","protected":false},"author":3,"featured_media":0,"parent":0,"menu_order":0,"comment_status":"closed","ping_status":"closed","template":"","meta":{"om_disable_all_campaigns":false,"_monsterinsights_skip_tracking":false,"_monsterinsights_sitenote_active":false,"_monsterinsights_sitenote_note":"","_monsterinsights_sitenote_category":0,"_uf_show_specific_survey":0,"_uf_disable_surveys":false,"site-sidebar-layout":"no-sidebar","site-content-layout":"page-builder","ast-site-content-layout":"default","site-content-style":"default","site-sidebar-style":"default","ast-global-header-display":"","ast-banner-title-visibility":"","ast-main-header-display":"","ast-hfb-above-header-display":"","ast-hfb-below-header-display":"","ast-hfb-mobile-header-display":"","site-post-title":"disabled","ast-breadcrumbs-content":"disabled","ast-featured-img":"disabled","footer-sml-layout":"","ast-disable-related-posts":"","theme-transparent-header-meta":"enabled","adv-header-id-meta":"","stick-header-meta":"","header-above-stick-meta":"","header-main-stick-meta":"","header-below-stick-meta":"","astra-migrate-meta-layouts":"default","ast-page-background-enabled":"default","ast-page-background-meta":{"desktop":{"background-color":"","background-image":"","background-repeat":"repeat","background-position":"center center","background-size":"auto","background-attachment":"scroll","background-type":"","background-media":"","overlay-type":"","overlay-color":"","overlay-opacity":"","overlay-gradient":""},"tablet":{"background-color":"","background-image":"","background-repeat":"repeat","background-position":"center center","background-size":"auto","background-attachment":"scroll","background-type":"","background-media":"","overlay-type":"","overlay-color":"","overlay-opacity":"","overlay-gradient":""},"mobile":{"background-color":"","background-image":"","background-repeat":"repeat","background-position":"center center","background-size":"auto","background-attachment":"scroll","background-type":"","background-media":"","overlay-type":"","overlay-color":"","overlay-opacity":"","overlay-gradient":""}},"ast-content-background-meta":{"desktop":{"background-color":"var(--ast-global-color-5)","background-image":"","background-repeat":"repeat","background-position":"center center","background-size":"auto","background-attachment":"scroll","background-type":"","background-media":"","overlay-type":"","overlay-color":"","overlay-opacity":"","overlay-gradient":""},"tablet":{"background-color":"var(--ast-global-color-5)","background-image":"","background-repeat":"repeat","background-position":"center center","background-size":"auto","background-attachment":"scroll","background-type":"","background-media":"","overlay-type":"","overlay-color":"","overlay-opacity":"","overlay-gradient":""},"mobile":{"background-color":"var(--ast-global-color-5)","background-image":"","background-repeat":"repeat","background-position":"center center","background-size":"auto","background-attachment":"scroll","background-type":"","background-media":"","overlay-type":"","overlay-color":"","overlay-opacity":"","overlay-gradient":""}},"footnotes":""},"class_list":["post-1623","page","type-page","status-publish","hentry"],"_links":{"self":[{"href":"https:\/\/www.sanginesmarbella.com\/en\/wp-json\/wp\/v2\/pages\/1623","targetHints":{"allow":["GET"]}}],"collection":[{"href":"https:\/\/www.sanginesmarbella.com\/en\/wp-json\/wp\/v2\/pages"}],"about":[{"href":"https:\/\/www.sanginesmarbella.com\/en\/wp-json\/wp\/v2\/types\/page"}],"author":[{"embeddable":true,"href":"https:\/\/www.sanginesmarbella.com\/en\/wp-json\/wp\/v2\/users\/3"}],"replies":[{"embeddable":true,"href":"https:\/\/www.sanginesmarbella.com\/en\/wp-json\/wp\/v2\/comments?post=1623"}],"version-history":[{"count":15,"href":"https:\/\/www.sanginesmarbella.com\/en\/wp-json\/wp\/v2\/pages\/1623\/revisions"}],"predecessor-version":[{"id":1974,"href":"https:\/\/www.sanginesmarbella.com\/en\/wp-json\/wp\/v2\/pages\/1623\/revisions\/1974"}],"wp:attachment":[{"href":"https:\/\/www.sanginesmarbella.com\/en\/wp-json\/wp\/v2\/media?parent=1623"}],"curies":[{"name":"wp","href":"https:\/\/api.w.org\/{rel}","templated":true}]}}