{"id":1388,"date":"2023-05-07T18:06:33","date_gmt":"2023-05-07T18:06:33","guid":{"rendered":"http:\/\/sanginesmarbella.com.s111-117.furanet.com\/?page_id=1388"},"modified":"2023-09-02T16:35:56","modified_gmt":"2023-09-02T16:35:56","slug":"blog","status":"publish","type":"page","link":"https:\/\/www.sanginesmarbella.com\/fr\/blog\/","title":{"rendered":"Blog"},"content":{"rendered":"<div data-elementor-type=\"wp-page\" data-elementor-id=\"1388\" class=\"elementor elementor-1388\" data-elementor-post-type=\"page\">\n\t\t\t\t\t\t<section class=\"elementor-section elementor-top-section elementor-element elementor-element-6da23f06 elementor-section-height-min-height elementor-section-boxed elementor-section-height-default elementor-section-items-middle\" data-id=\"6da23f06\" data-element_type=\"section\" data-e-type=\"section\" data-settings=\"{&quot;background_background&quot;:&quot;classic&quot;}\">\n\t\t\t\t\t\t\t<div class=\"elementor-background-overlay\"><\/div>\n\t\t\t\t\t\t\t<div class=\"elementor-container elementor-column-gap-no\">\n\t\t\t\t\t<div class=\"elementor-column elementor-col-100 elementor-top-column elementor-element elementor-element-1cb852c1\" data-id=\"1cb852c1\" data-element_type=\"column\" data-e-type=\"column\">\n\t\t\t<div class=\"elementor-widget-wrap elementor-element-populated\">\n\t\t\t\t\t\t<div class=\"elementor-element elementor-element-53f896a7 elementor-widget elementor-widget-heading\" data-id=\"53f896a7\" data-element_type=\"widget\" data-e-type=\"widget\" data-widget_type=\"heading.default\">\n\t\t\t\t<div class=\"elementor-widget-container\">\n\t\t\t\t\t<h1 class=\"elementor-heading-title elementor-size-default\">Blog<\/h1>\t\t\t\t<\/div>\n\t\t\t\t<\/div>\n\t\t\t\t<div class=\"elementor-element elementor-element-15a44568 elementor-widget-divider--view-line elementor-widget elementor-widget-divider\" data-id=\"15a44568\" data-element_type=\"widget\" data-e-type=\"widget\" data-widget_type=\"divider.default\">\n\t\t\t\t<div class=\"elementor-widget-container\">\n\t\t\t\t\t\t\t<div class=\"elementor-divider\">\n\t\t\t<span class=\"elementor-divider-separator\">\n\t\t\t\t\t\t<\/span>\n\t\t<\/div>\n\t\t\t\t\t\t<\/div>\n\t\t\t\t<\/div>\n\t\t\t\t\t<\/div>\n\t\t<\/div>\n\t\t\t\t\t<\/div>\n\t\t<\/section>\n\t\t\t\t<section class=\"elementor-section elementor-top-section elementor-element elementor-element-bfe2cb5 elementor-section-boxed elementor-section-height-default elementor-section-height-default\" data-id=\"bfe2cb5\" data-element_type=\"section\" data-e-type=\"section\">\n\t\t\t\t\t\t<div class=\"elementor-container elementor-column-gap-default\">\n\t\t\t\t\t<div class=\"elementor-column elementor-col-100 elementor-top-column elementor-element elementor-element-6245976\" data-id=\"6245976\" data-element_type=\"column\" data-e-type=\"column\">\n\t\t\t<div class=\"elementor-widget-wrap elementor-element-populated\">\n\t\t\t\t\t\t<div class=\"elementor-element elementor-element-6ee6dd1 elementor-grid-3 elementor-grid-tablet-2 elementor-grid-mobile-1 elementor-posts--thumbnail-top elementor-card-shadow-yes elementor-posts__hover-gradient elementor-widget elementor-widget-posts\" data-id=\"6ee6dd1\" data-element_type=\"widget\" data-e-type=\"widget\" data-settings=\"{&quot;pagination_type&quot;:&quot;numbers&quot;,&quot;cards_columns&quot;:&quot;3&quot;,&quot;cards_columns_tablet&quot;:&quot;2&quot;,&quot;cards_columns_mobile&quot;:&quot;1&quot;,&quot;cards_row_gap&quot;:{&quot;unit&quot;:&quot;px&quot;,&quot;size&quot;:35,&quot;sizes&quot;:[]},&quot;cards_row_gap_tablet&quot;:{&quot;unit&quot;:&quot;px&quot;,&quot;size&quot;:&quot;&quot;,&quot;sizes&quot;:[]},&quot;cards_row_gap_mobile&quot;:{&quot;unit&quot;:&quot;px&quot;,&quot;size&quot;:&quot;&quot;,&quot;sizes&quot;:[]}}\" data-widget_type=\"posts.cards\">\n\t\t\t\t<div class=\"elementor-widget-container\">\n\t\t\t\t\t\t\t<div class=\"elementor-posts-container elementor-posts elementor-posts--skin-cards elementor-grid\" role=\"list\">\n\t\t\t\t<article class=\"elementor-post elementor-grid-item post-1374 post type-post status-publish format-standard has-post-thumbnail hentry category-sin-categoria\" role=\"listitem\">\n\t\t\t<div class=\"elementor-post__card\">\n\t\t\t\t<a class=\"elementor-post__thumbnail__link\" href=\"https:\/\/www.sanginesmarbella.com\/fr\/beneficios-chocolate-con-churros\/\" tabindex=\"-1\" ><div class=\"elementor-post__thumbnail\"><img fetchpriority=\"high\" decoding=\"async\" width=\"300\" height=\"226\" src=\"https:\/\/www.sanginesmarbella.com\/wp-content\/uploads\/2023\/05\/Captura-de-pantalla-2023-06-15-a-las-15.32.11-300x226.png\" class=\"attachment-medium size-medium wp-image-1694\" alt=\"\" srcset=\"https:\/\/www.sanginesmarbella.com\/wp-content\/uploads\/2023\/05\/Captura-de-pantalla-2023-06-15-a-las-15.32.11-300x226.png 300w, https:\/\/www.sanginesmarbella.com\/wp-content\/uploads\/2023\/05\/Captura-de-pantalla-2023-06-15-a-las-15.32.11-1024x772.png 1024w, https:\/\/www.sanginesmarbella.com\/wp-content\/uploads\/2023\/05\/Captura-de-pantalla-2023-06-15-a-las-15.32.11-768x579.png 768w, https:\/\/www.sanginesmarbella.com\/wp-content\/uploads\/2023\/05\/Captura-de-pantalla-2023-06-15-a-las-15.32.11-16x12.png 16w, https:\/\/www.sanginesmarbella.com\/wp-content\/uploads\/2023\/05\/Captura-de-pantalla-2023-06-15-a-las-15.32.11.png 1106w\" sizes=\"(max-width: 300px) 100vw, 300px\" \/><\/div><\/a>\n\t\t\t\t<div class=\"elementor-post__text\">\n\t\t\t\t<h3 class=\"elementor-post__title\">\n\t\t\t<a href=\"https:\/\/www.sanginesmarbella.com\/fr\/beneficios-chocolate-con-churros\/\" >\n\t\t\t\t10 avantages de manger du chocolat avec des churros\t\t\t<\/a>\n\t\t<\/h3>\n\t\t\t\t<div class=\"elementor-post__excerpt\">\n\t\t\t<p>Le chocolate con churros de San Gin\u00e9s \u00e0 Marbella est une d\u00e9licieuse et traditionnelle combinaison culinaire qui a su s\u00e9duire le palais depuis des g\u00e9n\u00e9rations. Au-del\u00e0 de<\/p>\n\t\t<\/div>\n\t\t\n\t\t<a class=\"elementor-post__read-more\" href=\"https:\/\/www.sanginesmarbella.com\/fr\/beneficios-chocolate-con-churros\/\" aria-label=\"Read more about Los 10 beneficios de comer chocolate con churros\" tabindex=\"-1\" >\n\t\t\tLIRE LA SUITE &#034;\t\t<\/a>\n\n\t\t\t\t<\/div>\n\t\t\t\t\t<\/div>\n\t\t<\/article>\n\t\t\t\t<article class=\"elementor-post elementor-grid-item post-1365 post type-post status-publish format-standard has-post-thumbnail hentry category-sin-categoria\" role=\"listitem\">\n\t\t\t<div class=\"elementor-post__card\">\n\t\t\t\t<a class=\"elementor-post__thumbnail__link\" href=\"https:\/\/www.sanginesmarbella.com\/fr\/diferencia-churro-tejeringo-porra\/\" tabindex=\"-1\" ><div class=\"elementor-post__thumbnail\"><img decoding=\"async\" width=\"300\" height=\"264\" src=\"https:\/\/www.sanginesmarbella.com\/wp-content\/uploads\/2023\/05\/Captura-de-pantalla-2023-06-15-a-las-15.42.28-300x264.png\" class=\"attachment-medium size-medium wp-image-1703\" alt=\"\" srcset=\"https:\/\/www.sanginesmarbella.com\/wp-content\/uploads\/2023\/05\/Captura-de-pantalla-2023-06-15-a-las-15.42.28-300x264.png 300w, https:\/\/www.sanginesmarbella.com\/wp-content\/uploads\/2023\/05\/Captura-de-pantalla-2023-06-15-a-las-15.42.28-1024x902.png 1024w, https:\/\/www.sanginesmarbella.com\/wp-content\/uploads\/2023\/05\/Captura-de-pantalla-2023-06-15-a-las-15.42.28-768x676.png 768w, https:\/\/www.sanginesmarbella.com\/wp-content\/uploads\/2023\/05\/Captura-de-pantalla-2023-06-15-a-las-15.42.28-14x12.png 14w, https:\/\/www.sanginesmarbella.com\/wp-content\/uploads\/2023\/05\/Captura-de-pantalla-2023-06-15-a-las-15.42.28.png 1254w\" sizes=\"(max-width: 300px) 100vw, 300px\" \/><\/div><\/a>\n\t\t\t\t<div class=\"elementor-post__text\">\n\t\t\t\t<h3 class=\"elementor-post__title\">\n\t\t\t<a href=\"https:\/\/www.sanginesmarbella.com\/fr\/diferencia-churro-tejeringo-porra\/\" >\n\t\t\t\tChurros Tejeringos de San Gin\u00e9s Marbella et sa diff\u00e9rence \u00e0 coups de matraque\t\t\t<\/a>\n\t\t<\/h3>\n\t\t\t\t<div class=\"elementor-post__excerpt\">\n\t\t\t<p>La l\u00e9g\u00e8ret\u00e9 en face de la coh\u00e9rence de churros et porras sont deux sp\u00e9cialit\u00e9s espagnoles qui ont conquis les palais de de nombreux. Si vous \u00eates un amoureux de ces doux<\/p>\n\t\t<\/div>\n\t\t\n\t\t<a class=\"elementor-post__read-more\" href=\"https:\/\/www.sanginesmarbella.com\/fr\/diferencia-churro-tejeringo-porra\/\" aria-label=\"Read more about Churros Tejeringos de San Gin\u00e9s Marbella y su diferencia con las porras\" tabindex=\"-1\" >\n\t\t\tLIRE LA SUITE &#034;\t\t<\/a>\n\n\t\t\t\t<\/div>\n\t\t\t\t\t<\/div>\n\t\t<\/article>\n\t\t\t\t<\/div>\n\t\t\n\t\t\t\t\t\t<\/div>\n\t\t\t\t<\/div>\n\t\t\t\t\t<\/div>\n\t\t<\/div>\n\t\t\t\t\t<\/div>\n\t\t<\/section>\n\t\t\t\t<\/div>","protected":false},"excerpt":{"rendered":"<p>Blog<\/p>","protected":false},"author":3,"featured_media":0,"parent":0,"menu_order":0,"comment_status":"closed","ping_status":"closed","template":"","meta":{"om_disable_all_campaigns":false,"_monsterinsights_skip_tracking":false,"_monsterinsights_sitenote_active":false,"_monsterinsights_sitenote_note":"","_monsterinsights_sitenote_category":0,"_uf_show_specific_survey":0,"_uf_disable_surveys":false,"site-sidebar-layout":"no-sidebar","site-content-layout":"page-builder","ast-site-content-layout":"default","site-content-style":"default","site-sidebar-style":"default","ast-global-header-display":"","ast-banner-title-visibility":"","ast-main-header-display":"","ast-hfb-above-header-display":"","ast-hfb-below-header-display":"","ast-hfb-mobile-header-display":"","site-post-title":"disabled","ast-breadcrumbs-content":"disabled","ast-featured-img":"disabled","footer-sml-layout":"","ast-disable-related-posts":"","theme-transparent-header-meta":"enabled","adv-header-id-meta":"","stick-header-meta":"","header-above-stick-meta":"","header-main-stick-meta":"","header-below-stick-meta":"","astra-migrate-meta-layouts":"default","ast-page-background-enabled":"default","ast-page-background-meta":{"desktop":{"background-color":"","background-image":"","background-repeat":"repeat","background-position":"center center","background-size":"auto","background-attachment":"scroll","background-type":"","background-media":"","overlay-type":"","overlay-color":"","overlay-opacity":"","overlay-gradient":""},"tablet":{"background-color":"","background-image":"","background-repeat":"repeat","background-position":"center center","background-size":"auto","background-attachment":"scroll","background-type":"","background-media":"","overlay-type":"","overlay-color":"","overlay-opacity":"","overlay-gradient":""},"mobile":{"background-color":"","background-image":"","background-repeat":"repeat","background-position":"center center","background-size":"auto","background-attachment":"scroll","background-type":"","background-media":"","overlay-type":"","overlay-color":"","overlay-opacity":"","overlay-gradient":""}},"ast-content-background-meta":{"desktop":{"background-color":"var(--ast-global-color-5)","background-image":"","background-repeat":"repeat","background-position":"center center","background-size":"auto","background-attachment":"scroll","background-type":"","background-media":"","overlay-type":"","overlay-color":"","overlay-opacity":"","overlay-gradient":""},"tablet":{"background-color":"var(--ast-global-color-5)","background-image":"","background-repeat":"repeat","background-position":"center center","background-size":"auto","background-attachment":"scroll","background-type":"","background-media":"","overlay-type":"","overlay-color":"","overlay-opacity":"","overlay-gradient":""},"mobile":{"background-color":"var(--ast-global-color-5)","background-image":"","background-repeat":"repeat","background-position":"center center","background-size":"auto","background-attachment":"scroll","background-type":"","background-media":"","overlay-type":"","overlay-color":"","overlay-opacity":"","overlay-gradient":""}},"footnotes":""},"class_list":["post-1388","page","type-page","status-publish","hentry"],"_links":{"self":[{"href":"https:\/\/www.sanginesmarbella.com\/fr\/wp-json\/wp\/v2\/pages\/1388","targetHints":{"allow":["GET"]}}],"collection":[{"href":"https:\/\/www.sanginesmarbella.com\/fr\/wp-json\/wp\/v2\/pages"}],"about":[{"href":"https:\/\/www.sanginesmarbella.com\/fr\/wp-json\/wp\/v2\/types\/page"}],"author":[{"embeddable":true,"href":"https:\/\/www.sanginesmarbella.com\/fr\/wp-json\/wp\/v2\/users\/3"}],"replies":[{"embeddable":true,"href":"https:\/\/www.sanginesmarbella.com\/fr\/wp-json\/wp\/v2\/comments?post=1388"}],"version-history":[{"count":22,"href":"https:\/\/www.sanginesmarbella.com\/fr\/wp-json\/wp\/v2\/pages\/1388\/revisions"}],"predecessor-version":[{"id":1442,"href":"https:\/\/www.sanginesmarbella.com\/fr\/wp-json\/wp\/v2\/pages\/1388\/revisions\/1442"}],"wp:attachment":[{"href":"https:\/\/www.sanginesmarbella.com\/fr\/wp-json\/wp\/v2\/media?parent=1388"}],"curies":[{"name":"wp","href":"https:\/\/api.w.org\/{rel}","templated":true}]}}