{"id":1458,"date":"2023-05-07T18:32:15","date_gmt":"2023-05-07T18:32:15","guid":{"rendered":"http:\/\/sanginesmarbella.com.s111-117.furanet.com\/?page_id=1458"},"modified":"2023-09-11T16:45:21","modified_gmt":"2023-09-11T16:45:21","slug":"politicas-privacidad","status":"publish","type":"page","link":"https:\/\/www.sanginesmarbella.com\/fr\/politicas-privacidad\/","title":{"rendered":"Politique de confidentialit\u00e9"},"content":{"rendered":"<div data-elementor-type=\"wp-page\" data-elementor-id=\"1458\" class=\"elementor elementor-1458\" data-elementor-post-type=\"page\">\n\t\t\t\t\t\t<section class=\"elementor-section elementor-top-section elementor-element elementor-element-d4b4dbf elementor-section-height-min-height elementor-section-boxed elementor-section-height-default elementor-section-items-middle\" data-id=\"d4b4dbf\" data-element_type=\"section\" data-e-type=\"section\" data-settings=\"{&quot;background_background&quot;:&quot;classic&quot;}\">\n\t\t\t\t\t\t\t<div class=\"elementor-background-overlay\"><\/div>\n\t\t\t\t\t\t\t<div class=\"elementor-container elementor-column-gap-no\">\n\t\t\t\t\t<div class=\"elementor-column elementor-col-100 elementor-top-column elementor-element elementor-element-1cee6fd5\" data-id=\"1cee6fd5\" data-element_type=\"column\" data-e-type=\"column\">\n\t\t\t<div class=\"elementor-widget-wrap elementor-element-populated\">\n\t\t\t\t\t\t<div class=\"elementor-element elementor-element-2428e058 elementor-widget elementor-widget-heading\" data-id=\"2428e058\" data-element_type=\"widget\" data-e-type=\"widget\" data-widget_type=\"heading.default\">\n\t\t\t\t<div class=\"elementor-widget-container\">\n\t\t\t\t\t<h1 class=\"elementor-heading-title elementor-size-default\">Politique de confidentialit\u00e9<\/h1>\t\t\t\t<\/div>\n\t\t\t\t<\/div>\n\t\t\t\t<div class=\"elementor-element elementor-element-6e28fd41 elementor-widget-divider--view-line elementor-widget elementor-widget-divider\" data-id=\"6e28fd41\" data-element_type=\"widget\" data-e-type=\"widget\" data-widget_type=\"divider.default\">\n\t\t\t\t<div class=\"elementor-widget-container\">\n\t\t\t\t\t\t\t<div class=\"elementor-divider\">\n\t\t\t<span class=\"elementor-divider-separator\">\n\t\t\t\t\t\t<\/span>\n\t\t<\/div>\n\t\t\t\t\t\t<\/div>\n\t\t\t\t<\/div>\n\t\t\t\t\t<\/div>\n\t\t<\/div>\n\t\t\t\t\t<\/div>\n\t\t<\/section>\n\t\t\t\t<section class=\"elementor-section elementor-top-section elementor-element elementor-element-64d90a1 elementor-section-boxed elementor-section-height-default elementor-section-height-default\" data-id=\"64d90a1\" data-element_type=\"section\" data-e-type=\"section\">\n\t\t\t\t\t\t<div class=\"elementor-container elementor-column-gap-default\">\n\t\t\t\t\t<div class=\"elementor-column elementor-col-100 elementor-top-column elementor-element elementor-element-d531604\" data-id=\"d531604\" data-element_type=\"column\" data-e-type=\"column\">\n\t\t\t<div class=\"elementor-widget-wrap elementor-element-populated\">\n\t\t\t\t\t\t<div class=\"elementor-element elementor-element-196243c elementor-widget elementor-widget-text-editor\" data-id=\"196243c\" data-element_type=\"widget\" data-e-type=\"widget\" data-widget_type=\"text-editor.default\">\n\t\t\t\t<div class=\"elementor-widget-container\">\n\t\t\t\t\t\t\t\t\t<p>En D\u00e9lices en Chocolat Marbella, SL (ci-apr\u00e8s, le &#034;San Gin\u00e9s Marbella&#034;), s&#039;est engag\u00e9 \u00e0 prot\u00e9ger et \u00e0 respecter votre vie priv\u00e9e. Cette Politique de Confidentialit\u00e9 d\u00e9finit la mani\u00e8re dont nous recueillons et utilisons vos donn\u00e9es personnelles lorsque vous utilisez notre site web. Nous vous recommandons de lire attentivement cette politique afin de comprendre comment nous traitons vos donn\u00e9es personnelles.<\/p><ol><li><strong>Responsable du traitement des donn\u00e9es<\/strong><\/li><\/ol><p>Le responsable du traitement de vos donn\u00e9es personnelles est de D\u00e9lices en Chocolat Marbella SL, dont le si\u00e8ge social et l&#039;exercice de la Rue Buitrago, 24, 3, CP 29601 Marbella (M\u00e1laga) Espagne. Notre num\u00e9ro d&#039;identification fiscale est B01822220.<\/p><ol start=\"2\"><li><strong>Les donn\u00e9es personnelles que nous recueillons<\/strong><\/li><\/ol><p>Nous pouvons recueillir et traiter les donn\u00e9es personnelles suivantes:<\/p><ul><li>Informations de Contact, telles que votre nom, votre adresse e-mail, num\u00e9ro de t\u00e9l\u00e9phone, et adresse postale.<\/li><li>Des informations d\u00e9mographiques telles que votre emplacement g\u00e9ographique.<\/li><li>Des informations sur vos pr\u00e9f\u00e9rences et les int\u00e9r\u00eats li\u00e9s \u00e0 nos produits et services.<\/li><\/ul><ol start=\"3\"><li><strong>Le but du traitement des donn\u00e9es<\/strong><\/li><\/ol><p>Nous utilisons vos donn\u00e9es personnelles pour les finalit\u00e9s suivantes:<\/p><ul><li>Pour vous fournir des informations sur nos produits, promotions et services.<\/li><li>La gestion de vos commandes, traitement de vos paiements.<\/li><li>Pour am\u00e9liorer nos produits et services.<\/li><li>Pour communiquer avec vous pour r\u00e9pondre \u00e0 vos questions, demandes ou commentaires.<\/li><li>Effectuer une analyse statistique et des \u00e9tudes de march\u00e9.<\/li><li>Se conformer \u00e0 des obligations l\u00e9gales en vigueur.<\/li><\/ul><ol start=\"4\"><li><strong>La base juridique pour le traitement des donn\u00e9es<\/strong><\/li><\/ol><p>Le traitement de vos donn\u00e9es personnelles, se fonde sur les bases juridiques:<\/p><ul><li>Votre consentement explicite en nous fournissant vos donn\u00e9es \u00e0 caract\u00e8re personnel.<\/li><li>L&#039;ex\u00e9cution d&#039;un contrat auquel vous \u00eates partie, ou pour prendre des mesures avant de conclure un contrat.<\/li><li>L&#039;accomplissement de nos obligations l\u00e9gales.<\/li><\/ul><ol start=\"5\"><li><strong>Partage de vos donn\u00e9es personnelles<\/strong><\/li><\/ol><p>Nous ne partagerons pas vos donn\u00e9es personnelles avec des tiers sans votre consentement explicite, sauf si nous y sommes l\u00e9galement oblig\u00e9s de le faire. Nous ne partageons vos donn\u00e9es personnelles avec des fournisseurs de services fiables que nous aider \u00e0 fournir nos services et qui sont soumis \u00e0 une stricte obligation de confidentialit\u00e9.<\/p><ol start=\"6\"><li><strong>La s\u00e9curit\u00e9 des donn\u00e9es personnelles<\/strong><\/li><\/ol><p>Nous prenons toutes les mesures raisonnables pour assurer la s\u00e9curit\u00e9 de vos donn\u00e9es personnelles et de les prot\u00e9ger contre tout acc\u00e8s non autoris\u00e9, la perte, la mauvaise utilisation ou divulgation.<\/p><ol start=\"7\"><li><strong>Vos droits<\/strong><\/li><\/ol><p>Vous avez des droits sur vos donn\u00e9es personnelles, qui comprend:<\/p><ul><li>Pour acc\u00e9der \u00e0 vos donn\u00e9es personnelles et d&#039;obtenir des informations sur la fa\u00e7on dont il est trait\u00e9.<\/li><li>Rectification de toute donn\u00e9e personnelle inexacte ou incompl\u00e8te.<\/li><li>Pour demander la suppression de vos donn\u00e9es personnelles lorsqu&#039;elles ne sont plus n\u00e9cessaires aux fins pour lesquelles elles ont \u00e9t\u00e9 collect\u00e9es.<\/li><li>S&#039;opposer au traitement de vos donn\u00e9es personnelles dans certaines circonstances.<\/li><li>Demander la limitation du traitement de vos donn\u00e9es personnelles dans certaines situations.<\/li><\/ul><p>Pour exercer vos droits, vous pouvez nous contacter en utilisant les coordonn\u00e9es suivantes:<\/p><ul><li>Site Web: <u><a href=\"https:\/\/www.sanginesmarbella.com\/fr\">https:\/\/www.sanginesmarbella.com<\/a><\/u><\/li><li>E-mail: info@sanginesmarbella \/ sanginesmarbella@gmail.com<\/li><\/ul>\t\t\t\t\t\t\t\t<\/div>\n\t\t\t\t<\/div>\n\t\t\t\t\t<\/div>\n\t\t<\/div>\n\t\t\t\t\t<\/div>\n\t\t<\/section>\n\t\t\t\t<\/div>","protected":false},"excerpt":{"rendered":"<p>Pol\u00edtica de privacidad En Delicias de Chocolate Marbella, SL (en adelante, \u00abSan Gin\u00e9s Marbella\u00bb), se comprometemos a proteger y respetar tu privacidad. Esta Pol\u00edtica de Privacidad establece c\u00f3mo recopilamos y utilizamos tus datos personales cuando utilizas nuestro sitio web. Te recomendamos que leas detenidamente esta pol\u00edtica para comprender c\u00f3mo se tratan tus datos personales. Responsable [&hellip;]<\/p>\n","protected":false},"author":3,"featured_media":0,"parent":0,"menu_order":0,"comment_status":"closed","ping_status":"closed","template":"","meta":{"om_disable_all_campaigns":false,"_monsterinsights_skip_tracking":false,"_monsterinsights_sitenote_active":false,"_monsterinsights_sitenote_note":"","_monsterinsights_sitenote_category":0,"_uf_show_specific_survey":0,"_uf_disable_surveys":false,"site-sidebar-layout":"no-sidebar","site-content-layout":"page-builder","ast-site-content-layout":"default","site-content-style":"default","site-sidebar-style":"default","ast-global-header-display":"","ast-banner-title-visibility":"","ast-main-header-display":"","ast-hfb-above-header-display":"","ast-hfb-below-header-display":"","ast-hfb-mobile-header-display":"","site-post-title":"disabled","ast-breadcrumbs-content":"disabled","ast-featured-img":"disabled","footer-sml-layout":"","ast-disable-related-posts":"","theme-transparent-header-meta":"enabled","adv-header-id-meta":"","stick-header-meta":"","header-above-stick-meta":"","header-main-stick-meta":"","header-below-stick-meta":"","astra-migrate-meta-layouts":"default","ast-page-background-enabled":"default","ast-page-background-meta":{"desktop":{"background-color":"","background-image":"","background-repeat":"repeat","background-position":"center center","background-size":"auto","background-attachment":"scroll","background-type":"","background-media":"","overlay-type":"","overlay-color":"","overlay-opacity":"","overlay-gradient":""},"tablet":{"background-color":"","background-image":"","background-repeat":"repeat","background-position":"center center","background-size":"auto","background-attachment":"scroll","background-type":"","background-media":"","overlay-type":"","overlay-color":"","overlay-opacity":"","overlay-gradient":""},"mobile":{"background-color":"","background-image":"","background-repeat":"repeat","background-position":"center center","background-size":"auto","background-attachment":"scroll","background-type":"","background-media":"","overlay-type":"","overlay-color":"","overlay-opacity":"","overlay-gradient":""}},"ast-content-background-meta":{"desktop":{"background-color":"var(--ast-global-color-5)","background-image":"","background-repeat":"repeat","background-position":"center center","background-size":"auto","background-attachment":"scroll","background-type":"","background-media":"","overlay-type":"","overlay-color":"","overlay-opacity":"","overlay-gradient":""},"tablet":{"background-color":"var(--ast-global-color-5)","background-image":"","background-repeat":"repeat","background-position":"center center","background-size":"auto","background-attachment":"scroll","background-type":"","background-media":"","overlay-type":"","overlay-color":"","overlay-opacity":"","overlay-gradient":""},"mobile":{"background-color":"var(--ast-global-color-5)","background-image":"","background-repeat":"repeat","background-position":"center center","background-size":"auto","background-attachment":"scroll","background-type":"","background-media":"","overlay-type":"","overlay-color":"","overlay-opacity":"","overlay-gradient":""}},"footnotes":""},"class_list":["post-1458","page","type-page","status-publish","hentry"],"_links":{"self":[{"href":"https:\/\/www.sanginesmarbella.com\/fr\/wp-json\/wp\/v2\/pages\/1458","targetHints":{"allow":["GET"]}}],"collection":[{"href":"https:\/\/www.sanginesmarbella.com\/fr\/wp-json\/wp\/v2\/pages"}],"about":[{"href":"https:\/\/www.sanginesmarbella.com\/fr\/wp-json\/wp\/v2\/types\/page"}],"author":[{"embeddable":true,"href":"https:\/\/www.sanginesmarbella.com\/fr\/wp-json\/wp\/v2\/users\/3"}],"replies":[{"embeddable":true,"href":"https:\/\/www.sanginesmarbella.com\/fr\/wp-json\/wp\/v2\/comments?post=1458"}],"version-history":[{"count":17,"href":"https:\/\/www.sanginesmarbella.com\/fr\/wp-json\/wp\/v2\/pages\/1458\/revisions"}],"predecessor-version":[{"id":1976,"href":"https:\/\/www.sanginesmarbella.com\/fr\/wp-json\/wp\/v2\/pages\/1458\/revisions\/1976"}],"wp:attachment":[{"href":"https:\/\/www.sanginesmarbella.com\/fr\/wp-json\/wp\/v2\/media?parent=1458"}],"curies":[{"name":"wp","href":"https:\/\/api.w.org\/{rel}","templated":true}]}}