{"id":1466,"date":"2023-05-07T18:34:26","date_gmt":"2023-05-07T18:34:26","guid":{"rendered":"http:\/\/sanginesmarbella.com.s111-117.furanet.com\/?page_id=1466"},"modified":"2023-09-11T16:45:49","modified_gmt":"2023-09-11T16:45:49","slug":"politica-cookies","status":"publish","type":"page","link":"https:\/\/www.sanginesmarbella.com\/fr\/politica-cookies\/","title":{"rendered":"Politique en mati\u00e8re de cookies"},"content":{"rendered":"<div data-elementor-type=\"wp-page\" data-elementor-id=\"1466\" class=\"elementor elementor-1466\" data-elementor-post-type=\"page\">\n\t\t\t\t\t\t<section class=\"elementor-section elementor-top-section elementor-element elementor-element-d4b4dbf elementor-section-height-min-height elementor-section-boxed elementor-section-height-default elementor-section-items-middle\" data-id=\"d4b4dbf\" data-element_type=\"section\" data-e-type=\"section\" data-settings=\"{&quot;background_background&quot;:&quot;classic&quot;}\">\n\t\t\t\t\t\t\t<div class=\"elementor-background-overlay\"><\/div>\n\t\t\t\t\t\t\t<div class=\"elementor-container elementor-column-gap-no\">\n\t\t\t\t\t<div class=\"elementor-column elementor-col-100 elementor-top-column elementor-element elementor-element-1cee6fd5\" data-id=\"1cee6fd5\" data-element_type=\"column\" data-e-type=\"column\">\n\t\t\t<div class=\"elementor-widget-wrap elementor-element-populated\">\n\t\t\t\t\t\t<div class=\"elementor-element elementor-element-2428e058 elementor-widget elementor-widget-heading\" data-id=\"2428e058\" data-element_type=\"widget\" data-e-type=\"widget\" data-widget_type=\"heading.default\">\n\t\t\t\t<div class=\"elementor-widget-container\">\n\t\t\t\t\t<h1 class=\"elementor-heading-title elementor-size-default\">Politique en mati\u00e8re de cookies<\/h1>\t\t\t\t<\/div>\n\t\t\t\t<\/div>\n\t\t\t\t<div class=\"elementor-element elementor-element-6e28fd41 elementor-widget-divider--view-line elementor-widget elementor-widget-divider\" data-id=\"6e28fd41\" data-element_type=\"widget\" data-e-type=\"widget\" data-widget_type=\"divider.default\">\n\t\t\t\t<div class=\"elementor-widget-container\">\n\t\t\t\t\t\t\t<div class=\"elementor-divider\">\n\t\t\t<span class=\"elementor-divider-separator\">\n\t\t\t\t\t\t<\/span>\n\t\t<\/div>\n\t\t\t\t\t\t<\/div>\n\t\t\t\t<\/div>\n\t\t\t\t\t<\/div>\n\t\t<\/div>\n\t\t\t\t\t<\/div>\n\t\t<\/section>\n\t\t\t\t<section class=\"elementor-section elementor-top-section elementor-element elementor-element-64d90a1 elementor-section-boxed elementor-section-height-default elementor-section-height-default\" data-id=\"64d90a1\" data-element_type=\"section\" data-e-type=\"section\">\n\t\t\t\t\t\t<div class=\"elementor-container elementor-column-gap-default\">\n\t\t\t\t\t<div class=\"elementor-column elementor-col-100 elementor-top-column elementor-element elementor-element-d531604\" data-id=\"d531604\" data-element_type=\"column\" data-e-type=\"column\">\n\t\t\t<div class=\"elementor-widget-wrap elementor-element-populated\">\n\t\t\t\t\t\t<div class=\"elementor-element elementor-element-196243c elementor-widget elementor-widget-text-editor\" data-id=\"196243c\" data-element_type=\"widget\" data-e-type=\"widget\" data-widget_type=\"text-editor.default\">\n\t\t\t\t<div class=\"elementor-widget-container\">\n\t\t\t\t\t\t\t\t\t<p>Cette Politique d&#039;utilisation des Cookies d\u00e9finit l&#039;utilisation et la gestion des cookies sur le site web de Chocolat Plaisirs Marbella, SL (ci-apr\u00e8s, le &#034;San Gin\u00e9s Marbella&#034;). En utilisant notre site, vous acceptez l&#039;utilisation de cookies conform\u00e9ment \u00e0 la pr\u00e9sente politique. Si vous n&#039;acceptez pas l&#039;utilisation de cookies, nous vous recommandons de r\u00e9gler les param\u00e8tres de votre navigateur ou de ne pas utiliser notre site.<\/p><p><strong>Que sont les cookies?<\/strong><\/p><p>Les Cookies sont de petits fichiers texte qui sont stock\u00e9s sur votre appareil lorsque vous visitez un site web. Ces cookies contiennent des informations qui est utilis\u00e9 pour am\u00e9liorer l&#039;exp\u00e9rience de navigation et de recueillir des donn\u00e9es statistiques sur la fa\u00e7on dont vous utilisez le site web.<\/p><p><strong>Utilisation des cookies<\/strong><\/p><p>San Gin\u00e9s Marbella utilise des cookies \u00e0 des fins diverses, qui comprennent, entre autres:<\/p><ol><li>Am\u00e9liorer la fonctionnalit\u00e9 du site web et de vous fournir une exp\u00e9rience de navigation personnalis\u00e9e.<\/li><li>Recueillir des donn\u00e9es statistiques sur votre utilisation du site web afin d&#039;am\u00e9liorer son rendement et de s&#039;adapter aux pr\u00e9f\u00e9rences de nos utilisateurs.<\/li><li>Fournir des publicit\u00e9s pertinentes et personnalis\u00e9es en fonction de leurs int\u00e9r\u00eats et de leurs activit\u00e9s de navigation.<\/li><\/ol><p><strong>Types de cookies utilis\u00e9s<\/strong><\/p><ol><li>Les Cookies essentiels: Ces cookies sont n\u00e9cessaires au fonctionnement de base du site web et de vous permettre de naviguer sur le site et d&#039;utiliser ses caract\u00e9ristiques essentielles, telles que l&#039;acc\u00e8s aux zones s\u00e9curis\u00e9es du site web.<\/li><li>Cookies de Performance: Ces cookies recueillent des informations sur la fa\u00e7on dont les visiteurs utilisent le site web, telles que les pages visit\u00e9es le plus souvent et s&#039;ils re\u00e7oivent des messages d&#039;erreur. Ces cookies sont utilis\u00e9s pour am\u00e9liorer les performances et les fonctionnalit\u00e9s du site.<\/li><li>Les Cookies de fonctionnalit\u00e9: Ces cookies permettent au site de m\u00e9moriser les choix faits (tels que votre nom d&#039;utilisateur, langue, ou de la r\u00e9gion) et d&#039;offrir un meilleur et plus personnalis\u00e9.<\/li><li>Cookies publicitaires: Ces cookies sont utilis\u00e9s pour fournir des publicit\u00e9s plus pertinentes \u00e0 vos int\u00e9r\u00eats. Ils sont \u00e9galement utilis\u00e9s pour limiter la fr\u00e9quence avec laquelle une publicit\u00e9 s&#039;affiche et la mesure de l&#039;efficacit\u00e9 des campagnes de publicit\u00e9.<\/li><\/ol><p><strong>Les param\u00e8tres des cookies et des pr\u00e9f\u00e9rences<\/strong><\/p><p>Vous pouvez configurer votre navigateur pour accepter ou rejeter tous les cookies, ou qu&#039;il vous avertisse chaque fois qu&#039;un cookie est envoy\u00e9. Vous pouvez \u00e9galement supprimer les cookies stock\u00e9s sur votre appareil \u00e0 tout moment. Gardez \u00e0 l&#039;esprit que si vous choisissez de bloquer ou d&#039;effacer les cookies, il est possible que certaines parties du site peuvent ne pas fonctionner correctement.<\/p><p>Dans le lien suivant vous avez \u00e0 votre disposition toutes les informations pour configurer ou d\u00e9sactiver vos cookies dans chaque navigateur:<\/p><ul><li><u><a href=\"http:\/\/support.google.com\/chrome\/answer\/95647?hl=es\">Google Chrome<\/a><\/u><\/li><li><u><a href=\"http:\/\/support.mozilla.org\/es\/kb\/habilitar-y-deshabilitar-cookies-que-los-sitios-we\">Mozilla Firefox<\/a><\/u><\/li><li><u><a href=\"http:\/\/windows.microsoft.com\/es-es\/windows-vista\/block-or-allow-cookies\">Internet Explorer<\/a><\/u><\/li><li><u><a href=\"http:\/\/support.apple.com\/kb\/ph5042?viewlocale=es_es\">Safari<\/a><\/u><\/li><li><u><a href=\"http:\/\/support.apple.com\/kb\/ht1677?viewlocale=es_es\">Safari pour IOS<\/a><\/u>(iPhone et iPad)<\/li><li><u><a href=\"http:\/\/support.google.com\/chrome\/answer\/2392971?hl=es\">Chrome pour Android<\/a><\/u><\/li><li>\u00a0<\/li><\/ul><p><strong>Coordonn\u00e9es<\/strong><\/p><p>Si vous avez des questions ou des pr\u00e9occupations concernant notre Politique en mati\u00e8re de Cookies, vous pouvez nous contacter en utilisant les informations suivantes:<\/p><p>Nom de la soci\u00e9t\u00e9: D\u00e9lices en Chocolat Marbella, SL Adresse sociales et fiscales: Calle Buitrago, 24, 3 CP 29601 Marbella (M\u00e1laga) CIF: B01822220<\/p><p>Nous vous recommandons \u00e9galement de consulter notre Politique de Confidentialit\u00e9 pour plus d&#039;informations sur la fa\u00e7on dont nous recueillons, utilisons et prot\u00e9geons vos donn\u00e9es personnelles.<\/p><p>Nous nous r\u00e9servons le droit de mettre \u00e0 jour ou de modifier cette Politique en mati\u00e8re de Cookies \u00e0 tout moment. Nous vous recommandons de consulter cette page r\u00e9guli\u00e8rement pour obtenir la derni\u00e8re version. En continuant \u00e0 utiliser notre site, vous acceptez les termes et conditions \u00e9nonc\u00e9es dans la pr\u00e9sente Politique de Cookies.&#034;<\/p>\t\t\t\t\t\t\t\t<\/div>\n\t\t\t\t<\/div>\n\t\t\t\t\t<\/div>\n\t\t<\/div>\n\t\t\t\t\t<\/div>\n\t\t<\/section>\n\t\t\t\t<\/div>","protected":false},"excerpt":{"rendered":"<p>Pol\u00edtica de cookies La presente Pol\u00edtica de Cookies establece el uso y tratamiento de cookies en el sitio web de Delicias de Chocolate Marbella, SL (en adelante, \u00abSan Gin\u00e9s Marbella\u00bb). Al utilizar nuestro sitio web, usted acepta el uso de cookies de acuerdo con esta pol\u00edtica. Si no est\u00e1 de acuerdo con el uso de [&hellip;]<\/p>\n","protected":false},"author":3,"featured_media":0,"parent":0,"menu_order":0,"comment_status":"closed","ping_status":"closed","template":"","meta":{"om_disable_all_campaigns":false,"_monsterinsights_skip_tracking":false,"_monsterinsights_sitenote_active":false,"_monsterinsights_sitenote_note":"","_monsterinsights_sitenote_category":0,"_uf_show_specific_survey":0,"_uf_disable_surveys":false,"site-sidebar-layout":"no-sidebar","site-content-layout":"page-builder","ast-site-content-layout":"default","site-content-style":"default","site-sidebar-style":"default","ast-global-header-display":"","ast-banner-title-visibility":"","ast-main-header-display":"","ast-hfb-above-header-display":"","ast-hfb-below-header-display":"","ast-hfb-mobile-header-display":"","site-post-title":"disabled","ast-breadcrumbs-content":"disabled","ast-featured-img":"disabled","footer-sml-layout":"","ast-disable-related-posts":"","theme-transparent-header-meta":"enabled","adv-header-id-meta":"","stick-header-meta":"","header-above-stick-meta":"","header-main-stick-meta":"","header-below-stick-meta":"","astra-migrate-meta-layouts":"default","ast-page-background-enabled":"default","ast-page-background-meta":{"desktop":{"background-color":"","background-image":"","background-repeat":"repeat","background-position":"center center","background-size":"auto","background-attachment":"scroll","background-type":"","background-media":"","overlay-type":"","overlay-color":"","overlay-opacity":"","overlay-gradient":""},"tablet":{"background-color":"","background-image":"","background-repeat":"repeat","background-position":"center center","background-size":"auto","background-attachment":"scroll","background-type":"","background-media":"","overlay-type":"","overlay-color":"","overlay-opacity":"","overlay-gradient":""},"mobile":{"background-color":"","background-image":"","background-repeat":"repeat","background-position":"center center","background-size":"auto","background-attachment":"scroll","background-type":"","background-media":"","overlay-type":"","overlay-color":"","overlay-opacity":"","overlay-gradient":""}},"ast-content-background-meta":{"desktop":{"background-color":"var(--ast-global-color-5)","background-image":"","background-repeat":"repeat","background-position":"center center","background-size":"auto","background-attachment":"scroll","background-type":"","background-media":"","overlay-type":"","overlay-color":"","overlay-opacity":"","overlay-gradient":""},"tablet":{"background-color":"var(--ast-global-color-5)","background-image":"","background-repeat":"repeat","background-position":"center center","background-size":"auto","background-attachment":"scroll","background-type":"","background-media":"","overlay-type":"","overlay-color":"","overlay-opacity":"","overlay-gradient":""},"mobile":{"background-color":"var(--ast-global-color-5)","background-image":"","background-repeat":"repeat","background-position":"center center","background-size":"auto","background-attachment":"scroll","background-type":"","background-media":"","overlay-type":"","overlay-color":"","overlay-opacity":"","overlay-gradient":""}},"footnotes":""},"class_list":["post-1466","page","type-page","status-publish","hentry"],"_links":{"self":[{"href":"https:\/\/www.sanginesmarbella.com\/fr\/wp-json\/wp\/v2\/pages\/1466","targetHints":{"allow":["GET"]}}],"collection":[{"href":"https:\/\/www.sanginesmarbella.com\/fr\/wp-json\/wp\/v2\/pages"}],"about":[{"href":"https:\/\/www.sanginesmarbella.com\/fr\/wp-json\/wp\/v2\/types\/page"}],"author":[{"embeddable":true,"href":"https:\/\/www.sanginesmarbella.com\/fr\/wp-json\/wp\/v2\/users\/3"}],"replies":[{"embeddable":true,"href":"https:\/\/www.sanginesmarbella.com\/fr\/wp-json\/wp\/v2\/comments?post=1466"}],"version-history":[{"count":11,"href":"https:\/\/www.sanginesmarbella.com\/fr\/wp-json\/wp\/v2\/pages\/1466\/revisions"}],"predecessor-version":[{"id":1977,"href":"https:\/\/www.sanginesmarbella.com\/fr\/wp-json\/wp\/v2\/pages\/1466\/revisions\/1977"}],"wp:attachment":[{"href":"https:\/\/www.sanginesmarbella.com\/fr\/wp-json\/wp\/v2\/media?parent=1466"}],"curies":[{"name":"wp","href":"https:\/\/api.w.org\/{rel}","templated":true}]}}