{"id":1471,"date":"2023-05-07T18:35:03","date_gmt":"2023-05-07T18:35:03","guid":{"rendered":"http:\/\/sanginesmarbella.com.s111-117.furanet.com\/?page_id=1471"},"modified":"2023-09-11T16:44:23","modified_gmt":"2023-09-11T16:44:23","slug":"terminos-condiciones","status":"publish","type":"page","link":"https:\/\/www.sanginesmarbella.com\/fr\/terminos-condiciones\/","title":{"rendered":"Termes et conditions"},"content":{"rendered":"<div data-elementor-type=\"wp-page\" data-elementor-id=\"1471\" class=\"elementor elementor-1471\" data-elementor-post-type=\"page\">\n\t\t\t\t\t\t<section class=\"elementor-section elementor-top-section elementor-element elementor-element-d4b4dbf elementor-section-height-min-height elementor-section-boxed elementor-section-height-default elementor-section-items-middle\" data-id=\"d4b4dbf\" data-element_type=\"section\" data-e-type=\"section\" data-settings=\"{&quot;background_background&quot;:&quot;classic&quot;}\">\n\t\t\t\t\t\t\t<div class=\"elementor-background-overlay\"><\/div>\n\t\t\t\t\t\t\t<div class=\"elementor-container elementor-column-gap-no\">\n\t\t\t\t\t<div class=\"elementor-column elementor-col-100 elementor-top-column elementor-element elementor-element-1cee6fd5\" data-id=\"1cee6fd5\" data-element_type=\"column\" data-e-type=\"column\">\n\t\t\t<div class=\"elementor-widget-wrap elementor-element-populated\">\n\t\t\t\t\t\t<div class=\"elementor-element elementor-element-2428e058 elementor-widget elementor-widget-heading\" data-id=\"2428e058\" data-element_type=\"widget\" data-e-type=\"widget\" data-widget_type=\"heading.default\">\n\t\t\t\t<div class=\"elementor-widget-container\">\n\t\t\t\t\t<h1 class=\"elementor-heading-title elementor-size-default\">Termes et conditions<\/h1>\t\t\t\t<\/div>\n\t\t\t\t<\/div>\n\t\t\t\t<div class=\"elementor-element elementor-element-6e28fd41 elementor-widget-divider--view-line elementor-widget elementor-widget-divider\" data-id=\"6e28fd41\" data-element_type=\"widget\" data-e-type=\"widget\" data-widget_type=\"divider.default\">\n\t\t\t\t<div class=\"elementor-widget-container\">\n\t\t\t\t\t\t\t<div class=\"elementor-divider\">\n\t\t\t<span class=\"elementor-divider-separator\">\n\t\t\t\t\t\t<\/span>\n\t\t<\/div>\n\t\t\t\t\t\t<\/div>\n\t\t\t\t<\/div>\n\t\t\t\t\t<\/div>\n\t\t<\/div>\n\t\t\t\t\t<\/div>\n\t\t<\/section>\n\t\t\t\t<section class=\"elementor-section elementor-top-section elementor-element elementor-element-64d90a1 elementor-section-boxed elementor-section-height-default elementor-section-height-default\" data-id=\"64d90a1\" data-element_type=\"section\" data-e-type=\"section\">\n\t\t\t\t\t\t<div class=\"elementor-container elementor-column-gap-default\">\n\t\t\t\t\t<div class=\"elementor-column elementor-col-100 elementor-top-column elementor-element elementor-element-d531604\" data-id=\"d531604\" data-element_type=\"column\" data-e-type=\"column\">\n\t\t\t<div class=\"elementor-widget-wrap elementor-element-populated\">\n\t\t\t\t\t\t<div class=\"elementor-element elementor-element-196243c elementor-widget elementor-widget-text-editor\" data-id=\"196243c\" data-element_type=\"widget\" data-e-type=\"widget\" data-widget_type=\"text-editor.default\">\n\t\t\t\t<div class=\"elementor-widget-container\">\n\t\t\t\t\t\t\t\t\t<p><strong>Raz\u00f3n social: DELICIAS DE CHOCOLATE MARBELLA SL<\/strong><br \/><strong>CIF \/ NIF: B01822220<\/strong><br \/><strong>Direcci\u00f3n: C\/ Buitrago, 24 3 &#8211; 29601 Marbella (M\u00e1laga)<\/strong><br \/><strong>Email: info@sanginesmarbella.com<\/strong><br \/><strong>Web: https:\/\/sanginesmarbella.com<\/strong><br \/><strong>Tel\u00e9fono: 642 81 05 64<\/strong><br \/><strong>Datos registrales: M\u00e1laga Mercantil, con fecha 31-8-2020, n\u00ba de inscripci\u00f3n 1, tomo 5965, folio 68, secci\u00f3n, hoja 156941<\/strong><\/p><ul><li><p>Estos T\u00e9rminos y Condiciones (\u00abT&amp;C\u00bb) establecen los t\u00e9rminos y condiciones bajo los cuales podr\u00e1s acceder y utilizar el sitio web de San Gin\u00e9s Marbella (https:\/\/www.sanginesmarbella.com) y los servicios relacionados. Al acceder o utilizar nuestra p\u00e1gina web, aceptas cumplir y quedar sujeto a estos T&amp;C. Si no est\u00e1s de acuerdo con alguno de los t\u00e9rminos establecidos en estos T&amp;C, te recomendamos que no utilices nuestra p\u00e1gina web.<\/p><ol><li><strong>L&#039;utilisation du site web<\/strong><\/li><\/ol><p>1.1. Utilisation personnelle: Notre site web est con\u00e7u pour \u00eatre utilis\u00e9 uniquement \u00e0 des fins personnelles et non commerciales. Vous ne serez pas en mesure de l&#039;utiliser d&#039;une mani\u00e8re contraire \u00e0 la loi, \u00e0 la morale ou \u00e0 l&#039;ordre public.<\/p><p>1.2. L&#039;enregistrement d&#039;un compte: pour acc\u00e9der \u00e0 certains services et fonctionnalit\u00e9s de notre site web, vous devrez peut-\u00eatre vous inscrire et cr\u00e9er un compte. Assurez-vous de fournir des informations exactes et actualis\u00e9es lorsque vous vous inscrivez, et de maintenir la confidentialit\u00e9 de vos informations de connexion.<\/p><p>1.3. Pour les mineurs: Si vous \u00eates mineur, vous devez obtenir le consentement et la supervision de vos parents ou de votre tuteur l\u00e9gal avant d&#039;utiliser notre site web.<\/p><ol start=\"2\"><li><strong>Servicios de catering y reserva, as\u00ed como compra de productos online<\/strong><\/li><\/ol><p><strong>2.1.1 Contrataci\u00f3n de servicios<\/strong><\/p><p>A trav\u00e9s de nuestra p\u00e1gina web, ofrecemos servicios de catering para eventos. La contrataci\u00f3n de dichos servicios estar\u00e1 sujeta a t\u00e9rminos y condiciones adicionales:<\/p><p>Descripci\u00f3n de los servicios de catering que ofrecemos y c\u00f3mo se pueden reservar.<\/p><p>Los servicios de catering que Delicias de Chocolate (San Gin\u00e9s Marbella) ofrece son:<\/p><ol><li>Servicio de catering de Bodas<\/li><li>Servicio de catering de Cumplea\u00f1os<\/li><li>Servicio de catering de Aniversario<\/li><li>Servicio de catering de Eventos de Empresa<\/li><\/ol><p>En todos ellos, Delicias de Chocolate se compromete a servir el producto de Chocolate con churros tejeringos para el n\u00famero de personas que se haya establecido en el presupuesto recibido y firmado por el cliente.<\/p><p>Delicias de Chocolate se encargar\u00e1 de que el Maestro churrero, est\u00e9 a tiempo en el evento con la maquinaria necesaria, los productos y los envases para poder servirlo.<\/p><p><strong>2.1.2 Compra en la tienda online<\/strong><\/p><p>El cliente podr\u00e1 comprar chocolate en polvo a trav\u00e9s de la tienda online. Por el momento ser\u00e1 el \u00fanico producto que comercialicemos. El m\u00ednimo de producto ser\u00e1 de dos paquetes.<\/p><p>\u00danicamente se comercializa en la Costa del Sol.<\/p><p><strong>2.2. Condiciones de reserva y compra<\/strong><\/p><p>Para reservar nuestros servicios de catering, deber\u00e1s completar el proceso de reserva y realizar el pago correspondiente. Aseg\u00farate de revisar y aceptar los t\u00e9rminos y condiciones de reserva antes de confirmar tu solicitud, que te aparecer\u00e1 como condici\u00f3n para efectuar la reserva del catering o el pago de los productos de la tienda online.<\/p><p>La forma de contrataci\u00f3n del catering ser\u00e1 la siguiente:<\/p><p>En la p\u00e1gina web podr\u00e1n solicitar el servicio indicando todas las especificaciones necesarias (tipo de celebraci\u00f3n, n\u00famero de personas, lugar de celebraci\u00f3n y acceso, fecha y horario, nombre del que contrata, email y 2 tel\u00e9fonos de contacto)<\/p><p>Una vez aprobado el presupuesto y firmado, podr\u00e1n realizar la reserva a trav\u00e9s de la web con un importe de 100\u20ac, dicho importe no admitir\u00e1 cancelaciones ni devoluci\u00f3n.<\/p><p>15 d\u00edas antes de la celebraci\u00f3n deber\u00e1n abonar el resto mediante pago directo en nuestro establecimiento.<\/p><p>Respecto a la firma del presupuesto, Delicias De Chocolate recibe la solicitud del servicio a trav\u00e9s de la web y en plazo de 24-48 horas se elabora el presupuesto que ser\u00e1 reenviado al cliente v\u00eda mail para su firma.<\/p><p>El cliente una vez firmado el presupuesto lo remitir\u00e1 v\u00eda mail para su conformidad a <a href=\"mailto:info@sanginesmarbella.com\">info@sanginesmarbella.com<\/a> o a <a href=\"mailto:sanginesmarbella@gmail.com\">sanginesmarbella@gmail.com<\/a><\/p><p>La reserva del servicio de catering y compra de productos es exclusivamente para los municipios de la Costa del Sol.<\/p><p>La forma de compra en la tienda online ser\u00e1 la siguiente:<\/p><p>Se selecciona el producto, en este caso las bolsas de chocolate y se continua con el procedimiento de pago en la tienda online para la compra de chocolate en polvo. En la tienda se indica el precio del producto, as\u00ed como el coste del env\u00edo, que se indica antes de realizar el pago definitivo.<\/p><p>Los productos llegar\u00e1n en un m\u00e1ximo de 5 d\u00edas desde la recepci\u00f3n del pedido.<\/p><p>No habr\u00e1 tracking del producto, pero podr\u00e1n escribirnos al mail de <a href=\"mailto:info@sangin\u00e9smarbella.com\">info@sangin\u00e9smarbella.com<\/a> para consultarnos sobre el d\u00eda de llegada.<\/p><p>La empresa transportista se comunicar\u00e1 con vosotros v\u00eda mail y tel\u00e9fono para asegurar que hay alguien en el domicilio indicado.<\/p><p><strong>2.3 Pol\u00edtica de reembolso y devoluciones, Cancelaciones y modificaciones<\/strong><\/p><p><strong>Servicio de Catering:<\/strong><\/p><p>La reserva de 100\u20ac efectuada a trav\u00e9s de la web, no admitir\u00e1 cancelaciones ni devoluci\u00f3n.<\/p><p>Una vez abonado el resto del importe (en los 15 d\u00edas anteriores al evento), se admitir\u00e1n devoluciones exclusivamente una semana antes de la celebraci\u00f3n del evento (7 d\u00edas antes de la celebraci\u00f3n del mismo)<\/p><p>Si por causa mayor (fallecimiento o cat\u00e1strofes) no se pudo cancelar en los 7 d\u00edas de cortes\u00eda, se deber\u00e1 enviar documentaci\u00f3n alegando lo sucedido, parar proceder al estudio del caso.<\/p><p>Si hubiera cancelaciones por cambios de fecha del evento, no se efectuar\u00e1n devoluciones de dinero, pero dichos eventos se realizar\u00e1n en las nuevas fechas indicadas. En este caso, los cambios de fechas se podr\u00e1n realizar 4 d\u00edas antes de la celebraci\u00f3n del evento.<\/p><p><strong>Tienda Online. Chocolate en Polvo:<\/strong><\/p><p>Los productos comprados no son reembolsables. Se establece un periodo de 5 d\u00edas para solicitar la devoluci\u00f3n del producto en caso de que haya llegado en malas condiciones (bolsa rota, producto en mal estado). Se solicitar\u00e1 v\u00eda mail especificando la situaci\u00f3n, foto del producto y datos de fecha de compra.<\/p><p><strong>2.4. Responsabilidad del cliente en cuanto a la precisi\u00f3n de la informaci\u00f3n de reserva<\/strong><\/p><p>Es responsabilidad del cliente informar bien de todos los datos para que el evento se celebre en las condiciones pactadas. El documento recibido a trav\u00e9s de la web o bien los recibidos posteriormente a trav\u00e9s del email corporativo o el de redes, ser\u00e1n documentos que acrediten la veracidad de todos los datos.<\/p><p><strong>2.5. Explicaci\u00f3n de los m\u00e9todos de pago aceptados y c\u00f3mo se gestionan.<\/strong><\/p><p>El cliente podr\u00e1 abonar las reservas del catering y compra en la tienda online a trav\u00e9s del TPV, con VISA Y MASTERCARD<\/p><p>Las medidas de seguridad implementadas para proteger la informaci\u00f3n financiera de los usuarios, se asegura a trav\u00e9s del TPV.<\/p><p><strong>2.6. Durante el proceso de reserva y pago<\/strong>, el cliente deber\u00e1 aprobar este documento con las pol\u00edticas espec\u00edficas establecidas, que aparecer\u00e1n clicables para continuar el proceso de compra.<\/p><ol start=\"3\"><li><strong>De la propri\u00e9t\u00e9 intellectuelle<\/strong><\/li><\/ol><p>3.1. Derechos de propiedad: Todos los derechos de propiedad intelectual relacionados con nuestra p\u00e1gina web, incluyendo, pero no limitado a textos, gr\u00e1ficos, logotipos, im\u00e1genes, videos, audios y software, son propiedad de San Gin\u00e9s Marbella o de terceros con licencia.<\/p><p>3.2. Utilisation autoris\u00e9e: interdit de copier, reproduire, modifier, distribuer, transmettre, afficher ou autrement utiliser le contenu de notre site web sans le consentement \u00e9crit pr\u00e9alable de San Gin\u00e9s Marbella ou le titulaire des droits correspondants.<\/p><ol start=\"4\"><li><strong>Limitation de responsabilit\u00e9<\/strong><\/li><\/ol><p>4.1. Exclusion de garantie: San Gin\u00e9s Marbella offre aucune garantie, expresse ou implicite, concernant l&#039;exactitude, l&#039;exhaustivit\u00e9, l&#039;actualit\u00e9 ou de la disponibilit\u00e9 de notre site web ou de tout contenu fourni sur. Vous utilisez notre site web \u00e0 vos propres risques.<\/p><p>4.2. Limitation de responsabilit\u00e9: dans la mesure maximale permise par la loi, San Gin\u00e9s Marbella ne sera pas responsable des dommages directs, indirects, accessoires, sp\u00e9ciaux ou cons\u00e9cutifs d\u00e9coulant de l&#039;utilisation ou de l&#039;impossibilit\u00e9 d&#039;utiliser notre site web, y compris, mais non limit\u00e9 \u00e0, toute perte de profits, perte de donn\u00e9es ou de l&#039;interruption d&#039;activit\u00e9.<\/p><ol start=\"5\"><li><strong>Coordonn\u00e9es<\/strong><\/li><\/ol><p>5.1. Responsable du traitement des donn\u00e9es: les D\u00e9lices en Chocolat Marbella SL, dont le si\u00e8ge social et l&#039;exercice de la Rue Buitrago, 24, 3, CP 29601 Marbella (M\u00e1laga) Espagne. Notre num\u00e9ro d&#039;identification fiscale est B01822220.<\/p><ol start=\"6\"><li><strong>Droit Applicable et juridiction comp\u00e9tente<\/strong><\/li><\/ol><p>6.1. Loi Applicable: les Pr\u00e9sentes cgu sont r\u00e9gies et interpr\u00e9t\u00e9es conform\u00e9ment aux lois de l&#039;Espagne.<\/p><p>6.2. Juridiction: Tout litige d\u00e9coulant de ou en relation avec ce T&amp;C doit \u00eatre soumis \u00e0 la comp\u00e9tence exclusive des tribunaux comp\u00e9tents de l&#039;Espagne.<\/p><ol start=\"7\"><li><strong>Modifications des Termes et Conditions<\/strong><\/li><\/ol><p>7.1. Les mises \u00e0 jour de la T&amp;C: nous Nous r\u00e9servons le droit de modifier ou de mettre \u00e0 jour les pr\u00e9sentes cgu \u00e0 tout moment. Nous vous recommandons de consulter r\u00e9guli\u00e8rement les pr\u00e9sentes cgu afin de prendre connaissance de changements \u00e9ventuels. Votre utilisation continue de notre site apr\u00e8s de telles modifications constitue votre acceptation de la T&amp;C mise \u00e0 jour.<\/p><p>Si vous avez des questions ou des questions concernant ces Termes et Conditions, vous pouvez nous contacter en utilisant les coordonn\u00e9es suivantes:<\/p><ul><li>Site Web: <u><a href=\"https:\/\/www.sanginesmarbella.com\/fr\">https:\/\/www.sanginesmarbella.com<\/a><\/u><\/li><li>E-mail: <u><a href=\"mailto:info@sanginesmarbella.com\">info@sanginesmarbella.com<\/a> <\/u>o<u> sanginesmarbella@gmail.com<\/u><\/li><\/ul><\/li><\/ul>\t\t\t\t\t\t\t\t<\/div>\n\t\t\t\t<\/div>\n\t\t\t\t\t<\/div>\n\t\t<\/div>\n\t\t\t\t\t<\/div>\n\t\t<\/section>\n\t\t\t\t<\/div>","protected":false},"excerpt":{"rendered":"<p>T\u00e9rminos y condiciones Raz\u00f3n social: DELICIAS DE CHOCOLATE MARBELLA SL CIF \/ NIF: B01822220 Direcci\u00f3n: C\/ Buitrago, 24 3 &#8211; 29601 Marbella (M\u00e1laga) Email: info@sanginesmarbella.com Web: https:\/\/sanginesmarbella.com Tel\u00e9fono: 642 81 05 64 Datos registrales: M\u00e1laga Mercantil, con fecha 31-8-2020, n\u00ba de inscripci\u00f3n 1, tomo 5965, folio 68, secci\u00f3n, hoja 156941 Estos T\u00e9rminos y Condiciones (\u00abT&amp;C\u00bb) [&hellip;]<\/p>\n","protected":false},"author":3,"featured_media":0,"parent":0,"menu_order":0,"comment_status":"closed","ping_status":"closed","template":"","meta":{"om_disable_all_campaigns":false,"_monsterinsights_skip_tracking":false,"_monsterinsights_sitenote_active":false,"_monsterinsights_sitenote_note":"","_monsterinsights_sitenote_category":0,"_uf_show_specific_survey":0,"_uf_disable_surveys":false,"site-sidebar-layout":"no-sidebar","site-content-layout":"page-builder","ast-site-content-layout":"default","site-content-style":"default","site-sidebar-style":"default","ast-global-header-display":"","ast-banner-title-visibility":"","ast-main-header-display":"","ast-hfb-above-header-display":"","ast-hfb-below-header-display":"","ast-hfb-mobile-header-display":"","site-post-title":"disabled","ast-breadcrumbs-content":"disabled","ast-featured-img":"disabled","footer-sml-layout":"","ast-disable-related-posts":"","theme-transparent-header-meta":"enabled","adv-header-id-meta":"","stick-header-meta":"","header-above-stick-meta":"","header-main-stick-meta":"","header-below-stick-meta":"","astra-migrate-meta-layouts":"default","ast-page-background-enabled":"default","ast-page-background-meta":{"desktop":{"background-color":"","background-image":"","background-repeat":"repeat","background-position":"center center","background-size":"auto","background-attachment":"scroll","background-type":"","background-media":"","overlay-type":"","overlay-color":"","overlay-opacity":"","overlay-gradient":""},"tablet":{"background-color":"","background-image":"","background-repeat":"repeat","background-position":"center center","background-size":"auto","background-attachment":"scroll","background-type":"","background-media":"","overlay-type":"","overlay-color":"","overlay-opacity":"","overlay-gradient":""},"mobile":{"background-color":"","background-image":"","background-repeat":"repeat","background-position":"center center","background-size":"auto","background-attachment":"scroll","background-type":"","background-media":"","overlay-type":"","overlay-color":"","overlay-opacity":"","overlay-gradient":""}},"ast-content-background-meta":{"desktop":{"background-color":"var(--ast-global-color-5)","background-image":"","background-repeat":"repeat","background-position":"center center","background-size":"auto","background-attachment":"scroll","background-type":"","background-media":"","overlay-type":"","overlay-color":"","overlay-opacity":"","overlay-gradient":""},"tablet":{"background-color":"var(--ast-global-color-5)","background-image":"","background-repeat":"repeat","background-position":"center center","background-size":"auto","background-attachment":"scroll","background-type":"","background-media":"","overlay-type":"","overlay-color":"","overlay-opacity":"","overlay-gradient":""},"mobile":{"background-color":"var(--ast-global-color-5)","background-image":"","background-repeat":"repeat","background-position":"center center","background-size":"auto","background-attachment":"scroll","background-type":"","background-media":"","overlay-type":"","overlay-color":"","overlay-opacity":"","overlay-gradient":""}},"footnotes":""},"class_list":["post-1471","page","type-page","status-publish","hentry"],"_links":{"self":[{"href":"https:\/\/www.sanginesmarbella.com\/fr\/wp-json\/wp\/v2\/pages\/1471","targetHints":{"allow":["GET"]}}],"collection":[{"href":"https:\/\/www.sanginesmarbella.com\/fr\/wp-json\/wp\/v2\/pages"}],"about":[{"href":"https:\/\/www.sanginesmarbella.com\/fr\/wp-json\/wp\/v2\/types\/page"}],"author":[{"embeddable":true,"href":"https:\/\/www.sanginesmarbella.com\/fr\/wp-json\/wp\/v2\/users\/3"}],"replies":[{"embeddable":true,"href":"https:\/\/www.sanginesmarbella.com\/fr\/wp-json\/wp\/v2\/comments?post=1471"}],"version-history":[{"count":22,"href":"https:\/\/www.sanginesmarbella.com\/fr\/wp-json\/wp\/v2\/pages\/1471\/revisions"}],"predecessor-version":[{"id":1975,"href":"https:\/\/www.sanginesmarbella.com\/fr\/wp-json\/wp\/v2\/pages\/1471\/revisions\/1975"}],"wp:attachment":[{"href":"https:\/\/www.sanginesmarbella.com\/fr\/wp-json\/wp\/v2\/media?parent=1471"}],"curies":[{"name":"wp","href":"https:\/\/api.w.org\/{rel}","templated":true}]}}